{"id":999,"date":"2016-01-14T11:29:34","date_gmt":"2016-01-14T10:29:34","guid":{"rendered":"http:\/\/gleisfrei.com\/?page_id=999"},"modified":"2021-05-28T16:08:37","modified_gmt":"2021-05-28T14:08:37","slug":"fresa-gallerie","status":"publish","type":"page","link":"https:\/\/gleisfrei.com\/fr\/fresa-gallerie\/","title":{"rendered":"Wagon Tunnelier"},"content":{"rendered":"<p>[vc_row][vc_column][vc_column_text]<\/p>\n<h2><strong>WAGON TUNNELIER<\/strong><\/h2>\n<p>Le wagon tunnelier a \u00e9t\u00e9 r\u00e9alis\u00e9 par Gleisfrei pour offrir un soutien concret \u00e0 toutes les entreprises actives dans le domaine de la construction et de l&#8217;entretien des tunnels. La machine est \u00e9quip\u00e9e d&#8217;une fraiseuse de 55 kW, d&#8217;une ou deux cabines de contr\u00f4le selon les besoins du client et de la possibilit\u00e9 de contr\u00f4le \u00e0 distance. Un syst\u00e8me sp\u00e9cial permet de collecter les d\u00e9bris dans un conteneur mont\u00e9 sur le wagon tunnelier lui-m\u00eame ou sur un wagon d&#8217;accompagnement.[\/vc_column_text][\/vc_column][\/vc_row][vc_row][vc_column width=&#8221;1\/2&#8243;][vc_button title=&#8221;WAGON TUNNELIER GFR55-75&#8243; position=&#8221;right&#8221; link=&#8221;url:https%3A%2F%2Fgleisfrei.com%2Fwp-content%2Fuploads%2F2016%2F09%2FCarro-fresa-gallerie-GFR55-75.pdf||&#8221;][\/vc_column][\/vc_row][vc_row][vc_column][vc_media_grid element_width=&#8221;12&#8243; gap=&#8221;10&#8243; item=&#8221;masonryMedia_Default&#8221; grid_id=&#8221;vc_gid:1622193611833-c35bb281-09c6-2&#8243; include=&#8221;1153,1154,1413&#8243;][\/vc_column][\/vc_row]<\/p>","protected":false},"excerpt":{"rendered":"<p>[vc_row][vc_column][vc_column_text] WAGON TUNNELIER Le wagon tunnelier a \u00e9t\u00e9 r\u00e9alis\u00e9 par Gleisfrei pour offrir un soutien concret \u00e0 toutes les entreprises actives &#8230;<\/p>\n","protected":false},"author":3,"featured_media":920,"parent":0,"menu_order":0,"comment_status":"closed","ping_status":"closed","template":"","meta":{"footnotes":""},"class_list":["post-999","page","type-page","status-publish","has-post-thumbnail","hentry"],"_links":{"self":[{"href":"https:\/\/gleisfrei.com\/fr\/wp-json\/wp\/v2\/pages\/999","targetHints":{"allow":["GET"]}}],"collection":[{"href":"https:\/\/gleisfrei.com\/fr\/wp-json\/wp\/v2\/pages"}],"about":[{"href":"https:\/\/gleisfrei.com\/fr\/wp-json\/wp\/v2\/types\/page"}],"author":[{"embeddable":true,"href":"https:\/\/gleisfrei.com\/fr\/wp-json\/wp\/v2\/users\/3"}],"replies":[{"embeddable":true,"href":"https:\/\/gleisfrei.com\/fr\/wp-json\/wp\/v2\/comments?post=999"}],"version-history":[{"count":11,"href":"https:\/\/gleisfrei.com\/fr\/wp-json\/wp\/v2\/pages\/999\/revisions"}],"predecessor-version":[{"id":1792,"href":"https:\/\/gleisfrei.com\/fr\/wp-json\/wp\/v2\/pages\/999\/revisions\/1792"}],"wp:featuredmedia":[{"embeddable":true,"href":"https:\/\/gleisfrei.com\/fr\/wp-json\/wp\/v2\/media\/920"}],"wp:attachment":[{"href":"https:\/\/gleisfrei.com\/fr\/wp-json\/wp\/v2\/media?parent=999"}],"curies":[{"name":"wp","href":"https:\/\/api.w.org\/{rel}","templated":true}]}}