{"id":994,"date":"2016-01-14T11:28:29","date_gmt":"2016-01-14T10:28:29","guid":{"rendered":"http:\/\/gleisfrei.com\/?page_id=994"},"modified":"2021-05-28T16:05:10","modified_gmt":"2021-05-28T14:05:10","slug":"manutenzione-t-e","status":"publish","type":"page","link":"https:\/\/gleisfrei.com\/fr\/manutenzione-t-e\/","title":{"rendered":"Maintenance de la Cat\u00e9naire"},"content":{"rendered":"<p>[vc_row][vc_column][vc_column_text]<\/p>\n<h2><strong>MAINTENANCE DE LA CAT\u00c9NAIRE<\/strong><\/h2>\n<h3>\u00c9CHELLES MOTORIS\u00c9ES POLYVALENTES<\/h3>\n<p>Gleisfrei est un point de r\u00e9f\u00e9rence \u00e9galement dans le domaine de l&rsquo;entretien de la traction \u00e9lectrique en proposant des \u00e9chelles automotrices polyvalentes pour la pose des lignes de contact. Ces v\u00e9hicules sont appropri\u00e9s \u00e9galement pour r\u00e9tablir la g\u00e9om\u00e9trie correcte de la cat\u00e9naire et pour tous les travaux de r\u00e9paration sur la ligne ferroviaire a\u00e9rienne. En plus de la nacelle mobile, les \u00e9chelles motoris\u00e9es polyvalents peuvent \u00eatre \u00e9quip\u00e9s de grues et d&rsquo;autres \u00e9quipements afin d&rsquo;adapter le produit aux besoins de l&rsquo;utilisateur.[\/vc_column_text][\/vc_column][\/vc_row][vc_row][vc_column width=\u00a0\u00bb1\/2&Prime;][vc_button title=\u00a0\u00bbDIMENSIONS PRINCIPALES\u00a0\u00bb position=\u00a0\u00bbright\u00a0\u00bb link=\u00a0\u00bburl:https%3A%2F%2Fgleisfrei.com%2Fwp-content%2Fuploads%2F2016%2F09%2FDIMENSIONI-PRINCIPALI_-ponte-di-tesatura.pdf||\u00a0\u00bb][\/vc_column][\/vc_row][vc_row][vc_column][vc_media_grid element_width=\u00a0\u00bb12&Prime; gap=\u00a0\u00bb10&Prime; item=\u00a0\u00bbmasonryMedia_Default\u00a0\u00bb grid_id=\u00a0\u00bbvc_gid:1622193356084-711a7fe6-cbcd-4&Prime; include=\u00a0\u00bb1141,1142,1143&Prime;][\/vc_column][\/vc_row]<\/p>","protected":false},"excerpt":{"rendered":"<p>[vc_row][vc_column][vc_column_text] MAINTENANCE DE LA CAT\u00c9NAIRE \u00c9CHELLES MOTORIS\u00c9ES POLYVALENTES Gleisfrei est un point de r\u00e9f\u00e9rence \u00e9galement dans le domaine de l&rsquo;entretien de &#8230;<\/p>\n","protected":false},"author":3,"featured_media":920,"parent":0,"menu_order":0,"comment_status":"closed","ping_status":"closed","template":"","meta":{"footnotes":""},"class_list":["post-994","page","type-page","status-publish","has-post-thumbnail","hentry"],"_links":{"self":[{"href":"https:\/\/gleisfrei.com\/fr\/wp-json\/wp\/v2\/pages\/994","targetHints":{"allow":["GET"]}}],"collection":[{"href":"https:\/\/gleisfrei.com\/fr\/wp-json\/wp\/v2\/pages"}],"about":[{"href":"https:\/\/gleisfrei.com\/fr\/wp-json\/wp\/v2\/types\/page"}],"author":[{"embeddable":true,"href":"https:\/\/gleisfrei.com\/fr\/wp-json\/wp\/v2\/users\/3"}],"replies":[{"embeddable":true,"href":"https:\/\/gleisfrei.com\/fr\/wp-json\/wp\/v2\/comments?post=994"}],"version-history":[{"count":14,"href":"https:\/\/gleisfrei.com\/fr\/wp-json\/wp\/v2\/pages\/994\/revisions"}],"predecessor-version":[{"id":1790,"href":"https:\/\/gleisfrei.com\/fr\/wp-json\/wp\/v2\/pages\/994\/revisions\/1790"}],"wp:featuredmedia":[{"embeddable":true,"href":"https:\/\/gleisfrei.com\/fr\/wp-json\/wp\/v2\/media\/920"}],"wp:attachment":[{"href":"https:\/\/gleisfrei.com\/fr\/wp-json\/wp\/v2\/media?parent=994"}],"curies":[{"name":"wp","href":"https:\/\/api.w.org\/{rel}","templated":true}]}}