{"id":992,"date":"2016-01-14T11:27:42","date_gmt":"2016-01-14T10:27:42","guid":{"rendered":"http:\/\/gleisfrei.com\/?page_id=992"},"modified":"2021-07-08T14:32:25","modified_gmt":"2021-07-08T12:32:25","slug":"carri-ferroviari","status":"publish","type":"page","link":"https:\/\/gleisfrei.com\/fr\/carri-ferroviari\/","title":{"rendered":"Wagon Plats"},"content":{"rendered":"<p>[vc_row][vc_column][vc_column_text]<strong><em>NOUVEAU!<\/em> Wagons plats \u00e9quip\u00e9s de grue<\/strong><\/p>\n<p>Gleisfrei a obtenu l\u2019homologation pour deux nouveaux mod\u00e8les de wagons plats avec grue. Voici les principales caract\u00e9ristiques :<\/p>\n<table style=\"height: 245px;\" width=\"800\">\n<tbody>\n<tr>\n<td width=\"113\"><\/td>\n<td width=\"95\"><strong>EMPATTEMENT<\/strong><\/td>\n<td width=\"94\"><strong>LONGUEUR<\/strong><\/td>\n<td width=\"95\"><strong>POIDS DU WAGON<\/strong><\/td>\n<td width=\"138\"><strong>GRUE<\/strong><\/td>\n<td width=\"145\"><strong>CAPACIT\u00c9 MAX GRUE<\/strong><\/td>\n<\/tr>\n<tr>\n<td width=\"113\">H850.25 avec grue<\/td>\n<td width=\"95\">5.000,00 mm<\/td>\n<td width=\"94\">9.240,00 mm<\/td>\n<td width=\"95\">10.500,00 kg<\/td>\n<td width=\"138\">Fassi F215A.2.24<\/td>\n<td width=\"145\">1230,00 kg \u00e0 12,7 mt<\/td>\n<\/tr>\n<tr>\n<td width=\"113\">H850 G2<\/td>\n<td width=\"95\">5.000,00 mm<\/td>\n<td width=\"94\">9240,00 mm<\/td>\n<td width=\"95\">10.500,00 kg<\/td>\n<td width=\"138\">Fassi F545 \u2013 RA2.24<\/td>\n<td width=\"145\">3985,00 kg \u00e0 11,9 mt<\/td>\n<\/tr>\n<\/tbody>\n<\/table>\n<p>[\/vc_column_text][\/vc_column][\/vc_row][vc_row][vc_column][vc_single_image image=&#8221;1666&#8243; img_size=&#8221;1000&#215;500&#8243;][vc_single_image image=&#8221;1665&#8243; img_size=&#8221;1000&#215;500&#8243;][\/vc_column][\/vc_row][vc_row][vc_column][vc_column_text]<strong>Wagon plats<\/strong><\/p>\n<p>Les wagons non sp\u00e9cifiquement \u00e9quip\u00e9s de Gleisfrei sont destin\u00e9s aux entreprises op\u00e9rant dans le domaine de la construction et de l&#8217;entretien des chemins de fer. Ces engins permettent le transport de mat\u00e9riaux et\/ou d&#8217;\u00e9quipements de travail qui peuvent \u00eatre plac\u00e9s directement sur la surface de chargement ou fix\u00e9s sur un sous-ch\u00e2ssis r\u00e9alis\u00e9 ad hoc pour l&#8217;application n\u00e9cessaire. Gleisfrei propose les trois types de wagons suivants : le wagon H850.25 et le wagon H1100 homologu\u00e9s selon la norme EN 14033 et enfin le nouveau wagon H950 homologu\u00e9 selon la derni\u00e8re sp\u00e9cification technique d&#8217;interop\u00e9rabilit\u00e9 europ\u00e9enne TSI entr\u00e9e en vigueur d\u00e9but 2014.<\/p>\n<table>\n<tbody>\n<tr>\n<td width=\"107\"><\/td>\n<td width=\"107\"><strong>Norme<\/strong><\/td>\n<td width=\"107\"><strong>Longueur de la surface de chargement<\/strong><\/td>\n<td width=\"107\"><strong>Hauteur de la surface de chargement<\/strong><\/td>\n<td width=\"107\"><strong>Capacit\u00e9<\/strong><\/td>\n<td width=\"107\"><strong>Vitesse<\/strong><\/td>\n<\/tr>\n<tr>\n<td width=\"107\"><strong>H850.25<\/strong><\/p>\n<p><strong>\u00a0<\/strong><\/td>\n<td width=\"107\">EN14033<\/td>\n<td width=\"107\">7000 mm<\/td>\n<td width=\"107\">900 mm<\/td>\n<td width=\"107\">25 tonnes<\/td>\n<td width=\"107\">60 km\/h<\/td>\n<\/tr>\n<tr>\n<td width=\"107\"><strong>H950<\/strong><\/p>\n<p><strong>\u00a0<\/strong><\/td>\n<td width=\"107\">TSI 2014<\/td>\n<td width=\"107\">9630 mm<\/td>\n<td width=\"107\">957 mm<\/td>\n<td width=\"107\">25 tonnes<\/td>\n<td width=\"107\">100 km\/h<\/td>\n<\/tr>\n<tr>\n<td width=\"107\"><strong>H1100<\/strong><\/p>\n<p><strong>\u00a0<\/strong><\/td>\n<td width=\"107\">EN14033<\/td>\n<td width=\"107\">9540 mm<\/td>\n<td width=\"107\">1150 mm<\/td>\n<td width=\"107\">32 tonnes<\/td>\n<td width=\"107\">60 km\/h<\/td>\n<\/tr>\n<tr>\n<td width=\"107\"><\/td>\n<td colspan=\"5\" width=\"535\"><em>Pour le mod\u00e8le H1100, il existe les versions suivantes en plus du mod\u00e8le de base :<\/em><\/p>\n<p>Type A \u2013 C\u00f4t\u00e9s frontales inclinables<\/p>\n<p>Type B \u2013 Anneaux multiples pour fixer les charges<\/p>\n<p>Type C \u2013 Avec des montants \u00e9lev\u00e9s pour fixer des charges qui d\u00e9passent les c\u00f4t\u00e9s<\/p>\n<p>Type D \u2013 Avec des c\u00f4t\u00e9s d&#8217;une hauteur de 600 mm au lieu de 450 mm<\/p>\n<p>Type E &#8211; Avec des blocs de fixation pour v\u00e9hicules \u00e0 roues non ferroviaires<\/p>\n<p>Type F \u2013 Capacit\u00e9 r\u00e9duite \u00e0 28 tonnes et semelles de frein de 380 mm en fonte<\/p>\n<p>&nbsp;<\/td>\n<\/tr>\n<\/tbody>\n<\/table>\n<p>[\/vc_column_text][vc_single_image image=&#8221;1593&#8243; img_size=&#8221;1000&#215;500&#8243;][vc_single_image image=&#8221;1174&#8243; img_size=&#8221;1000&#215;500&#8243;][vc_single_image image=&#8221;1418&#8243; img_size=&#8221;1000&#215;500&#8243;][\/vc_column][\/vc_row]<\/p>","protected":false},"excerpt":{"rendered":"<p>[vc_row][vc_column][vc_column_text]NOUVEAU! Wagons plats \u00e9quip\u00e9s de grue Gleisfrei a obtenu l\u2019homologation pour deux nouveaux mod\u00e8les de wagons plats avec grue. Voici les &#8230;<\/p>\n","protected":false},"author":3,"featured_media":920,"parent":0,"menu_order":0,"comment_status":"closed","ping_status":"closed","template":"","meta":{"footnotes":""},"class_list":["post-992","page","type-page","status-publish","has-post-thumbnail","hentry"],"_links":{"self":[{"href":"https:\/\/gleisfrei.com\/fr\/wp-json\/wp\/v2\/pages\/992","targetHints":{"allow":["GET"]}}],"collection":[{"href":"https:\/\/gleisfrei.com\/fr\/wp-json\/wp\/v2\/pages"}],"about":[{"href":"https:\/\/gleisfrei.com\/fr\/wp-json\/wp\/v2\/types\/page"}],"author":[{"embeddable":true,"href":"https:\/\/gleisfrei.com\/fr\/wp-json\/wp\/v2\/users\/3"}],"replies":[{"embeddable":true,"href":"https:\/\/gleisfrei.com\/fr\/wp-json\/wp\/v2\/comments?post=992"}],"version-history":[{"count":23,"href":"https:\/\/gleisfrei.com\/fr\/wp-json\/wp\/v2\/pages\/992\/revisions"}],"predecessor-version":[{"id":1803,"href":"https:\/\/gleisfrei.com\/fr\/wp-json\/wp\/v2\/pages\/992\/revisions\/1803"}],"wp:featuredmedia":[{"embeddable":true,"href":"https:\/\/gleisfrei.com\/fr\/wp-json\/wp\/v2\/media\/920"}],"wp:attachment":[{"href":"https:\/\/gleisfrei.com\/fr\/wp-json\/wp\/v2\/media?parent=992"}],"curies":[{"name":"wp","href":"https:\/\/api.w.org\/{rel}","templated":true}]}}