{"id":980,"date":"2016-01-14T11:04:03","date_gmt":"2016-01-14T10:04:03","guid":{"rendered":"http:\/\/gleisfrei.com\/?page_id=980"},"modified":"2022-01-14T13:51:39","modified_gmt":"2022-01-14T12:51:39","slug":"locomotori","status":"publish","type":"page","link":"https:\/\/gleisfrei.com\/fr\/locomotori\/","title":{"rendered":"Locomotives"},"content":{"rendered":"<p>[vc_row][vc_column][vc_column_text]<\/p>\n<h2><strong>LOCOMOTIVE GLF 350 V2<\/strong><\/h2>\n<p>Homologu\u00e9e selon la norme EN14033-1 et -2, la GLF350 V2 est la nouvelle version all\u00e9g\u00e9e de notre locomotive de man\u0153uvre GLF350. La hauteur et le poids sont inf\u00e9rieurs \u00e0 ceux de la GLF350, ce qui rend cette locomotive plus petite mais pas moins performante.[\/vc_column_text][\/vc_column][\/vc_row][vc_row][vc_column][vc_media_grid element_width=\u00a0\u00bb12&Prime; item=\u00a0\u00bbmasonryMedia_Default\u00a0\u00bb grid_id=\u00a0\u00bbvc_gid:1642164612926-1d2bd3a5-0310-9&Prime; include=\u00a0\u00bb1602,1599,1600&Prime;][\/vc_column][\/vc_row][vc_row][vc_column][vc_column_text]<\/p>\n<h2><strong>LOCOMOTIVE GLF 350<\/strong><\/h2>\n<p style=\"text-align: justify;\">Homologu\u00e9e selon la norme EN 14033-1 et -2, la locomotive GLF 350 de Gleisfrei est une locomotive de man\u0153uvre pour la traction de wagons et d\u2019autres v\u00e9hicules ferroviaires. Elle est \u00e9quip\u00e9e d\u2019un moteur Tier IVB de 380 kW de derni\u00e8re g\u00e9n\u00e9ration et peut circuler \u00e0 une vitesse maximale de 60 km\/h. La GLF 350 est une locomotive \u00e0 deux essieux dont le poids maximum est de 38 tonnes.<\/p>\n<p>[\/vc_column_text][vc_media_grid element_width=\u00a0\u00bb12&Prime; item=\u00a0\u00bbmasonryMedia_Default\u00a0\u00bb grid_id=\u00a0\u00bbvc_gid:1642164612930-93d1b076-12c4-5&Prime; include=\u00a0\u00bb1259,1255,1251&Prime;][vc_column_text]<\/p>\n<h2><\/h2>\n<h2><\/h2>\n<h2><strong>V\u00c9HICULE PORTE-PERSONNES GVS10<\/strong><\/h2>\n<p>Le v\u00e9hicule porte-personnes GVS10 de Gleisfrei est une draisine motoris\u00e9e permettant de transporter jusqu&rsquo;\u00e0 10 personnes, y compris conducteur et assistant. Outre le d\u00e9placement du personnel op\u00e9rant sur les lignes ferroviaires, les int\u00e9rieurs sont \u00e9galement organis\u00e9s et con\u00e7us pour le transport de tout \u00e9quipement, ce qui rend le GVS10 une v\u00e9ritable petite locomotive de man\u0153uvre.[\/vc_column_text][vc_media_grid element_width=\u00a0\u00bb12&Prime; grid_id=\u00a0\u00bbvc_gid:1642164612933-ca0c4493-df2a-1&Prime; include=\u00a0\u00bb1627,1213,1626&Prime;][\/vc_column][\/vc_row][vc_row][vc_column][vc_video link=\u00a0\u00bbhttps:\/\/youtu.be\/5P-AqvSroZY\u00a0\u00bb align=\u00a0\u00bbcenter\u00a0\u00bb title=\u00a0\u00bbGLF 350&Prime;][vc_video link=\u00a0\u00bbhttps:\/\/youtu.be\/GazxFLjYAeg\u00a0\u00bb title=\u00a0\u00bbGVS10&Prime;][\/vc_column][\/vc_row][vc_row][vc_column width=\u00a0\u00bb1\/3&Prime;][\/vc_column][\/vc_row][vc_row][vc_column][vc_column_text]<\/p>\n<h2><strong>LOCOMOTIVE GLF350 V3<\/strong><\/h2>\n<p>Homologu\u00e9e selon la norme EN14033-1\/2\/3, la GLF350 V3 est une locomotive de man\u0153uvre \u00e0 deux essieux, d&rsquo;un poids maximum de 40 tonnes, \u00e9quip\u00e9e d&rsquo;un moteur Stage V. Elle atteint une vitesse maximale de 60 km\/h et poss\u00e8de un radiateur surdimensionn\u00e9 pour le remorquage lourd \u00e0 basse vitesse.[\/vc_column_text][vc_media_grid element_width=\u00a0\u00bb12&Prime; grid_id=\u00a0\u00bbvc_gid:1642164612937-797f99d0-080c-10&Prime; include=\u00a0\u00bb1826,1827&Prime;][vc_column_text]<\/p>\n<h2><strong>TABLEAU COMPARATIF<\/strong><\/h2>\n<table>\n<tbody>\n<tr>\n<td width=\"85\"><\/td>\n<td width=\"95\">POIDS<\/td>\n<td width=\"94\">VITESSE<\/td>\n<td width=\"104\">ESSIEUX<\/td>\n<td width=\"123\">MOTEUR<\/td>\n<td width=\"141\">PERFORMANCES MAX. EN LIGNE DROITE<\/td>\n<\/tr>\n<tr>\n<td width=\"85\">GLF350<\/td>\n<td width=\"95\">38 TONNES<\/td>\n<td width=\"94\">60 KM\/H<\/td>\n<td width=\"104\">2<\/td>\n<td width=\"123\">STAGE IV Puissance nominale 380 kW<\/td>\n<td width=\"141\">780 TONNES<\/td>\n<\/tr>\n<tr>\n<td width=\"85\">GLF350 V2<\/td>\n<td width=\"95\">32 TONNES<\/td>\n<td width=\"94\">60 KM\/H<\/td>\n<td width=\"104\">2<\/td>\n<td width=\"123\">STAGE IV Puissance nominale 380 kW<\/td>\n<td width=\"141\">620 TONNES<\/td>\n<\/tr>\n<tr>\n<td width=\"85\">GVS10<\/td>\n<td width=\"95\">21 TONNES<\/td>\n<td width=\"94\">60 KM\/H<\/td>\n<td width=\"104\">2<\/td>\n<td width=\"123\">STAGE IV Puissance nominale 185 kW<\/td>\n<td width=\"141\">410 TONNES<\/td>\n<\/tr>\n<tr>\n<td width=\"85\">GLF350 V3<\/td>\n<td width=\"95\">40 TONNES<\/td>\n<td width=\"94\">60 KM\/H<\/td>\n<td width=\"104\">2<\/td>\n<td width=\"123\">STAGE V Puissance nominale 375 KW<\/td>\n<td width=\"141\">909 TONNES<\/td>\n<\/tr>\n<\/tbody>\n<\/table>\n<p>[\/vc_column_text][\/vc_column][\/vc_row]<\/p>","protected":false},"excerpt":{"rendered":"<p>[vc_row][vc_column][vc_column_text] LOCOMOTIVE GLF 350 V2 Homologu\u00e9e selon la norme EN14033-1 et -2, la GLF350 V2 est la nouvelle version all\u00e9g\u00e9e de &#8230;<\/p>\n","protected":false},"author":3,"featured_media":920,"parent":0,"menu_order":0,"comment_status":"closed","ping_status":"closed","template":"","meta":{"footnotes":""},"class_list":["post-980","page","type-page","status-publish","has-post-thumbnail","hentry"],"_links":{"self":[{"href":"https:\/\/gleisfrei.com\/fr\/wp-json\/wp\/v2\/pages\/980","targetHints":{"allow":["GET"]}}],"collection":[{"href":"https:\/\/gleisfrei.com\/fr\/wp-json\/wp\/v2\/pages"}],"about":[{"href":"https:\/\/gleisfrei.com\/fr\/wp-json\/wp\/v2\/types\/page"}],"author":[{"embeddable":true,"href":"https:\/\/gleisfrei.com\/fr\/wp-json\/wp\/v2\/users\/3"}],"replies":[{"embeddable":true,"href":"https:\/\/gleisfrei.com\/fr\/wp-json\/wp\/v2\/comments?post=980"}],"version-history":[{"count":60,"href":"https:\/\/gleisfrei.com\/fr\/wp-json\/wp\/v2\/pages\/980\/revisions"}],"predecessor-version":[{"id":1853,"href":"https:\/\/gleisfrei.com\/fr\/wp-json\/wp\/v2\/pages\/980\/revisions\/1853"}],"wp:featuredmedia":[{"embeddable":true,"href":"https:\/\/gleisfrei.com\/fr\/wp-json\/wp\/v2\/media\/920"}],"wp:attachment":[{"href":"https:\/\/gleisfrei.com\/fr\/wp-json\/wp\/v2\/media?parent=980"}],"curies":[{"name":"wp","href":"https:\/\/api.w.org\/{rel}","templated":true}]}}