{"id":13,"date":"2015-02-05T10:20:33","date_gmt":"2015-02-05T10:20:33","guid":{"rendered":"http:\/\/demo.wpcharming.com\/construction\/?page_id=13"},"modified":"2023-02-16T14:45:28","modified_gmt":"2023-02-16T13:45:28","slug":"gleisfrei","status":"publish","type":"page","link":"https:\/\/gleisfrei.com\/fr\/","title":{"rendered":"Home"},"content":{"rendered":"<p>[vc_section][vc_row row_type=\u00a0\u00bbrow_full_center_content\u00a0\u00bb padding_bottom=\u00a0\u00bb50&Prime; class=\u00a0\u00bbmobile-no-margin-top inverted-row\u00a0\u00bb][vc_column width=\u00a0\u00bb1\/3&Prime;]\n\t<div class=\"wpb_content_element featured-box categoria-prodotto\" >\n\t\t\t<div class=\"featured-box-thumb\"><a title=\"\" target=\"\" href=\"https:\/\/gleisfrei.com\/carri-ferroviari\/\"><img decoding=\"async\" src=\"https:\/\/gleisfrei.com\/wp-content\/uploads\/2019\/10\/carri-fer-600x300.jpg\"><\/a>\n\t\t\t<\/div>\n\t\t\t<div class=\"featured-box-content\"><h4>Wagons plats<\/h4>\n\t\t\t\t\t<div class=\"featured-box-desc\"><p>Les wagons non sp\u00e9cifiquement \u00e9quip\u00e9s de Gleisfrei sont destin\u00e9s aux entreprises op\u00e9rant dans le domaine de la construction et de l'entretien des chemins de fer. Ces engins permettent le transport de mat\u00e9riaux et\/ou d'\u00e9quipements de travail qui peuvent \u00eatre plac\u00e9s directement sur la surface de chargement ou fix\u00e9s sur un sous-ch\u00e2ssis r\u00e9alis\u00e9 ad hoc pour l'application n\u00e9cessaire.<\/p>\n\t\t\t\t\t<\/div>\n\t\t\t\t\t<div class=\"featured-box-button\">\n\t\t\t\t\t\t<a title=\"\" target=\"\" href=\"https:\/\/gleisfrei.com\/carri-ferroviari\/\" class=\"\">D\u00c9COUVRIR NOS PRODUITS<\/a>\n\t\t\t\t\t<\/div>\n\t\t\t<\/div>\n\t<\/div>[\/vc_column][vc_column width=\u00a0\u00bb1\/3&Prime;]\n\t<div class=\"wpb_content_element featured-box categoria-prodotto\" >\n\t\t\t<div class=\"featured-box-thumb\"><a title=\"\" target=\"\" href=\"https:\/\/gleisfrei.com\/locomotori\/\"><img decoding=\"async\" src=\"https:\/\/gleisfrei.com\/wp-content\/uploads\/2019\/10\/locomotori-600x300.jpg\"><\/a>\n\t\t\t<\/div>\n\t\t\t<div class=\"featured-box-content\"><h4>Locomotives<\/h4>\n\t\t\t\t\t<div class=\"featured-box-desc\"><p>Gleisfrei propose une gamme de locomotives de man\u0153uvre avec de diff\u00e9rentes motorisations, de 185 kW \u00e0 380 kW, et de diff\u00e9rents poids selon les besoins de remorquage. Tous les mod\u00e8les sont approuv\u00e9s par RFI (Rete Ferroviaria Italiana), le gestionnaire de l\u2019infrastructure ferroviaire italienne, conform\u00e9ment \u00e0 la norme EN 14033.<\/p>\n\t\t\t\t\t<\/div>\n\t\t\t\t\t<div class=\"featured-box-button\">\n\t\t\t\t\t\t<a title=\"\" target=\"\" href=\"https:\/\/gleisfrei.com\/locomotori\/\" class=\"\">D\u00c9COUVRIR NOS PRODUITS<\/a>\n\t\t\t\t\t<\/div>\n\t\t\t<\/div>\n\t<\/div>[\/vc_column][vc_column width=\u00a0\u00bb1\/3&Prime;]\n\t<div class=\"wpb_content_element featured-box categoria-prodotto\" >\n\t\t\t<div class=\"featured-box-thumb\"><a title=\"\" target=\"\" href=\"https:\/\/gleisfrei.com\/motocarrelli\/\"><img decoding=\"async\" src=\"https:\/\/gleisfrei.com\/wp-content\/uploads\/2023\/02\/GCF180G-600x300.jpg\"><\/a>\n\t\t\t<\/div>\n\t\t\t<div class=\"featured-box-content\"><h4>Draisines motoris\u00e9es<\/h4>\n\t\t\t\t\t<div class=\"featured-box-desc\"><p>Les draisines motoris\u00e9es GCF de GleisFrei sont des v\u00e9hicules de traction destin\u00e9s \u00e0 toutes les entreprises op\u00e9rant dans le domaine de la construction et de l'entretien des voies, des cat\u00e9naires et de la traction \u00e9lectrique.<\/p>\n\t\t\t\t\t<\/div>\n\t\t\t\t\t<div class=\"featured-box-button\">\n\t\t\t\t\t\t<a title=\"\" target=\"\" href=\"https:\/\/gleisfrei.com\/motocarrelli\/\" class=\"\">D\u00c9COUVRIR NOS PRODUITS<\/a>\n\t\t\t\t\t<\/div>\n\t\t\t<\/div>\n\t<\/div>[\/vc_column][\/vc_row][vc_row row_type=\u00a0\u00bbrow_full_center_content\u00a0\u00bb padding_bottom=\u00a0\u00bb50&Prime; class=\u00a0\u00bbmobile-no-margin-top inverted-row\u00a0\u00bb][vc_column width=\u00a0\u00bb1\/3&Prime;]\n\t<div class=\"wpb_content_element featured-box categoria-prodotto\" >\n\t\t\t<div class=\"featured-box-thumb\"><a title=\"\" target=\"\" href=\"https:\/\/gleisfrei.com\/fresa-gallerie\/\"><img decoding=\"async\" src=\"https:\/\/gleisfrei.com\/wp-content\/uploads\/2019\/10\/fresatrice-600x300.jpg\"><\/a>\n\t\t\t<\/div>\n\t\t\t<div class=\"featured-box-content\"><h4>Wagon tunnelier<\/h4>\n\t\t\t\t\t<div class=\"featured-box-desc\"><p>Le wagon tunnelier a \u00e9t\u00e9 r\u00e9alis\u00e9 par Gleisfrei pour offrir un soutien concret \u00e0 toutes les entreprises actives dans le domaine de la construction et de l'entretien des tunnels.<\/p>\n\t\t\t\t\t<\/div>\n\t\t\t\t\t<div class=\"featured-box-button\">\n\t\t\t\t\t\t<a title=\"\" target=\"\" href=\"https:\/\/gleisfrei.com\/fresa-gallerie\/\" class=\"\">D\u00c9COUVRIR NOS PRODUITS<\/a>\n\t\t\t\t\t<\/div>\n\t\t\t<\/div>\n\t<\/div>[\/vc_column][vc_column width=\u00a0\u00bb1\/3&Prime;]\n\t<div class=\"wpb_content_element featured-box categoria-prodotto\" >\n\t\t\t<div class=\"featured-box-thumb\"><a title=\"\" target=\"\" href=\"https:\/\/gleisfrei.com\/manutenzione-t-e\/\"><img decoding=\"async\" src=\"https:\/\/gleisfrei.com\/wp-content\/uploads\/2019\/10\/manutenzione-600x300.jpg\"><\/a>\n\t\t\t<\/div>\n\t\t\t<div class=\"featured-box-content\"><h4>Entretien de la cat\u00e9naire<\/h4>\n\t\t\t\t\t<div class=\"featured-box-desc\"><p>Gleisfrei est un point de r\u00e9f\u00e9rence \u00e9galement dans le domaine de l'entretien de la traction \u00e9lectrique en proposant des \u00e9chelles automotrices polyvalentes pour la pose de lignes de contact.<\/p>\n\t\t\t\t\t<\/div>\n\t\t\t\t\t<div class=\"featured-box-button\">\n\t\t\t\t\t\t<a title=\"\" target=\"\" href=\"https:\/\/gleisfrei.com\/manutenzione-t-e\/\" class=\"\">D\u00c9COUVRIR NOS PRODUITS<\/a>\n\t\t\t\t\t<\/div>\n\t\t\t<\/div>\n\t<\/div>[\/vc_column][vc_column width=\u00a0\u00bb1\/3&Prime;]\n\t<div class=\"wpb_content_element featured-box categoria-prodotto\" >\n\t\t\t<div class=\"featured-box-thumb\"><a title=\"\" target=\"\" href=\"https:\/\/gleisfrei.com\/mezzi-speciali\/\"><img decoding=\"async\" src=\"https:\/\/gleisfrei.com\/wp-content\/uploads\/2023\/02\/GLEISFREI-GMD235-1-1-600x300.jpg\"><\/a>\n\t\t\t<\/div>\n\t\t\t<div class=\"featured-box-content\"><h4>V\u00e9hicules sp\u00e9ciaux<\/h4>\n\t\t\t\t\t<div class=\"featured-box-desc\"><p>Gleisfrei propose une gamme de v\u00e9hicules sp\u00e9ciaux pour les entreprises du secteur de la construction et de l'entretien des chemins de fer, tels que des \u00e9quipements pour le contr\u00f4le de la v\u00e9g\u00e9tation ou la gestion des fils de contact.<\/p>\n\t\t\t\t\t<\/div>\n\t\t\t\t\t<div class=\"featured-box-button\">\n\t\t\t\t\t\t<a title=\"\" target=\"\" href=\"https:\/\/gleisfrei.com\/mezzi-speciali\/\" class=\"\">D\u00c9COUVRIR NOS PRODUITS<\/a>\n\t\t\t\t\t<\/div>\n\t\t\t<\/div>\n\t<\/div>[\/vc_column][\/vc_row][\/vc_section][vc_row row_type=\u00a0\u00bbrow_full_center_content\u00a0\u00bb bg_image=\u00a0\u00bb922&Prime; row_parallax=\u00a0\u00bbfalse\u00a0\u00bb row_text_color=\u00a0\u00bbrow_text_light\u00a0\u00bb][vc_column width=\u00a0\u00bb2\/3&Prime;][vc_column_text]<\/p>\n<h5 class=\"medium-heading-inverted\">QUALIT\u00c9 ET FIABILIT\u00c9<em><br \/>\n<\/em><\/h5>\n<h1 class=\"large-heading-inverted\"><strong>MAINTENANCE &amp; CONSTRUCTION DEPUIS 2003<\/strong><\/h1>\n<p>[\/vc_column_text][vc_button title=\u00a0\u00bbNOUS CONTACTER\u00a0\u00bb color=\u00a0\u00bbghost\u00a0\u00bb margin_top=\u00a0\u00bb-20&Prime; link=\u00a0\u00bburl:https%3A%2F%2Fgleisfrei.com%2Fcontatti%2F||target:%20_blank\u00a0\u00bb][\/vc_column][vc_column width=\u00a0\u00bb1\/3&Prime;][\/vc_column][\/vc_row][vc_row row_type=\u00a0\u00bbrow_full_center_content\u00a0\u00bb padding_bottom=\u00a0\u00bb50&Prime; class=\u00a0\u00bbmobile-no-margin-top inverted-row hidden\u00a0\u00bb][vc_column width=\u00a0\u00bb1\/3&Prime;]\n\t<div class=\"wpb_content_element featured-box \" >\n\t\t\t<div class=\"featured-box-thumb\"><a title=\"\" target=\"\" href=\"https:\/\/gleisfrei.com\/riparazioni\/\"><img decoding=\"async\" src=\"https:\/\/gleisfrei.com\/wp-content\/uploads\/2015\/10\/slide6-600x300.jpg\"><\/a>\n\t\t\t<\/div>\n\t\t\t<div class=\"featured-box-content\"><h4>Manutenzioni<\/h4>\n\t\t\t\t\t<div class=\"featured-box-desc\"><p>Gleisfrei \u00e8 un\u2019officina qualificata da Rete Ferroviaria Italiana in grado di offrire servizi di manutenzioni ordinarie come collaudi e revisioni periodiche nonch\u00e9 manutenzioni straordinarie e riparazioni anche in modalit\u00e0 di assistenza esterna.<\/p>\n\t\t\t\t\t<\/div>\n\t\t\t\t\t<div class=\"featured-box-button\">\n\t\t\t\t\t\t<a title=\"\" target=\"\" href=\"https:\/\/gleisfrei.com\/riparazioni\/\" class=\"\">scopri<\/a>\n\t\t\t\t\t<\/div>\n\t\t\t<\/div>\n\t<\/div>[\/vc_column][vc_column width=\u00a0\u00bb1\/3&Prime;]\n\t<div class=\"wpb_content_element featured-box \" >\n\t\t\t<div class=\"featured-box-thumb\"><a title=\"\" target=\"\" href=\"https:\/\/gleisfrei.com\/ricambi\/\"><img decoding=\"async\" src=\"https:\/\/gleisfrei.com\/wp-content\/uploads\/2015\/02\/Foto-home-ricambi-600x300.jpg\"><\/a>\n\t\t\t<\/div>\n\t\t\t<div class=\"featured-box-content\"><h4>Ricambi<\/h4>\n\t\t\t\t\t<div class=\"featured-box-desc\"><p>Anche nel settore ricambi Gleisfrei \u00e8 un punto di riferimento vantando un rapporto consolidato con tutti i maggiori costruttori certificati di componentistica ferroviaria.<\/p>\n\t\t\t\t\t<\/div>\n\t\t\t\t\t<div class=\"featured-box-button\">\n\t\t\t\t\t\t<a title=\"\" target=\"\" href=\"https:\/\/gleisfrei.com\/ricambi\/\" class=\"\">Scopri<\/a>\n\t\t\t\t\t<\/div>\n\t\t\t<\/div>\n\t<\/div>[\/vc_column][vc_column width=\u00a0\u00bb1\/3&Prime;]\n\t<div class=\"wpb_content_element featured-box \" >\n\t\t\t<div class=\"featured-box-thumb\"><a title=\"\" target=\"\" href=\"https:\/\/gleisfrei.com\/galleria\/\"><img decoding=\"async\" src=\"https:\/\/gleisfrei.com\/wp-content\/uploads\/2018\/02\/WP_20180215_15_20_35_Pro-1-600x300.jpg\"><\/a>\n\t\t\t<\/div>\n\t\t\t<div class=\"featured-box-content\"><h4>Galleria<\/h4>\n\t\t\t\t\t<div class=\"featured-box-button\">\n\t\t\t\t\t\t<a title=\"\" target=\"\" href=\"https:\/\/gleisfrei.com\/galleria\/\" class=\"\">SCOPRI<\/a>\n\t\t\t\t\t<\/div>\n\t\t\t<\/div>\n\t<\/div>[\/vc_column][\/vc_row][vc_row row_type=\u00a0\u00bbrow_full_center_content\u00a0\u00bb padding_bottom=\u00a0\u00bb50&Prime; class=\u00a0\u00bbmobile-no-margin-top inverted-row hidden\u00a0\u00bb][vc_column width=\u00a0\u00bb1\/3&Prime;]\n\t<div class=\"wpb_content_element featured-box \" >\n\t\t\t<div class=\"featured-box-thumb\"><a title=\"\" target=\"\" href=\"https:\/\/gleisfrei.com\/azienda\/\"><img decoding=\"async\" src=\"https:\/\/gleisfrei.com\/wp-content\/uploads\/2015\/02\/Foto-home-azienda-600x300.jpg\"><\/a>\n\t\t\t<\/div>\n\t\t\t<div class=\"featured-box-content\"><h4>Azienda<\/h4>\n\t\t\t\t\t<div class=\"featured-box-desc\"><p>Gleisfrei \u00e8 una azienda di costruzione, manutenzione e riparazione di mezzi d\u2019opera ferroviari come carri ferroviari, locomotori da manovra, autocarrelli, autoscale e frese per gallerie finalizzati alla costruzione e manutenzione della linea ferroviaria e della linea aerea.<\/p>\n\t\t\t\t\t<\/div>\n\t\t\t\t\t<div class=\"featured-box-button\">\n\t\t\t\t\t\t<a title=\"\" target=\"\" href=\"https:\/\/gleisfrei.com\/azienda\/\" class=\"\">Scopri<\/a>\n\t\t\t\t\t<\/div>\n\t\t\t<\/div>\n\t<\/div>[\/vc_column][vc_column width=\u00a0\u00bb1\/3&Prime;]\n\t<div class=\"wpb_content_element featured-box \" >\n\t\t\t<div class=\"featured-box-thumb\"><a title=\"\" target=\"\" href=\"https:\/\/gleisfrei.com\/locomotori\/\"><img decoding=\"async\" src=\"https:\/\/gleisfrei.com\/wp-content\/uploads\/2017\/12\/20170320_155427-600x300.jpg\"><\/a>\n\t\t\t<\/div>\n\t\t\t<div class=\"featured-box-content\"><h4>Prodotti<\/h4>\n\t\t\t\t\t<div class=\"featured-box-desc\"><p>Grazie alla decennale esperienza nel settore ferroviario e all\u2019ufficio di progettazione ed omologazione interno, i carri ferroviari, i locomotori nonch\u00e9 i diversi mezzi d\u2019opera costruiti da Gleisfrei sono sinonimo di qualit\u00e0 ed affidabilit\u00e0 nel tempo.<\/p>\n\t\t\t\t\t<\/div>\n\t\t\t\t\t<div class=\"featured-box-button\">\n\t\t\t\t\t\t<a title=\"\" target=\"\" href=\"https:\/\/gleisfrei.com\/locomotori\/\" class=\"\">Scopri<\/a>\n\t\t\t\t\t<\/div>\n\t\t\t<\/div>\n\t<\/div>[\/vc_column][vc_column css_animation=\u00a0\u00bblightSpeedIn\u00a0\u00bb width=\u00a0\u00bb1\/3&Prime;]\n\t<div class=\"wpb_content_element featured-box \"  style=\"background:#dd9f42\">\n\t\t\t<div class=\"featured-box-thumb\"><a title=\"\" target=\"\" href=\"https:\/\/gleisfrei.com\/news\/\"><img decoding=\"async\" src=\"https:\/\/gleisfrei.com\/wp-content\/uploads\/2016\/01\/logo.gif\"><\/a>\n\t\t\t<\/div>\n\t\t\t<div class=\"featured-box-content\"><h4><br \/>\nCompany News - Omologazione caricatore ATLAS<\/h4>\n\t\t\t\t\t<div class=\"featured-box-desc\"><p><br \/>\nOmologato il caricatore strada rotaia ATLAS 1604 ZW secondo le norme EN15746-1\/-2.<\/p>\n\t\t\t\t\t<\/div>\n\t\t\t\t\t<div class=\"featured-box-button\">\n\t\t\t\t\t\t<a title=\"\" target=\"\" href=\"https:\/\/gleisfrei.com\/news\/\" class=\"\">Scopri<\/a>\n\t\t\t\t\t<\/div>\n\t\t\t<\/div>\n\t<\/div>[\/vc_column][\/vc_row]<\/p>","protected":false},"excerpt":{"rendered":"<p>[vc_section][vc_row row_type=\u00a0\u00bbrow_full_center_content\u00a0\u00bb padding_bottom=\u00a0\u00bb50&Prime; class=\u00a0\u00bbmobile-no-margin-top inverted-row\u00a0\u00bb][vc_column width=\u00a0\u00bb1\/3&Prime;][\/vc_column][vc_column width=\u00a0\u00bb1\/3&Prime;][\/vc_column][vc_column width=\u00a0\u00bb1\/3&Prime;][\/vc_column][\/vc_row][vc_row row_type=\u00a0\u00bbrow_full_center_content\u00a0\u00bb padding_bottom=\u00a0\u00bb50&Prime; class=\u00a0\u00bbmobile-no-margin-top inverted-row\u00a0\u00bb][vc_column width=\u00a0\u00bb1\/3&Prime;][\/vc_column][vc_column width=\u00a0\u00bb1\/3&Prime;][\/vc_column][vc_column width=\u00a0\u00bb1\/3&Prime;][\/vc_column][\/vc_row][\/vc_section][vc_row row_type=\u00a0\u00bbrow_full_center_content\u00a0\u00bb bg_image=\u00a0\u00bb922&Prime; row_parallax=\u00a0\u00bbfalse\u00a0\u00bb row_text_color=\u00a0\u00bbrow_text_light\u00a0\u00bb][vc_column width=\u00a0\u00bb2\/3&Prime;][vc_column_text] QUALIT\u00c9 &#8230;<\/p>\n","protected":false},"author":3,"featured_media":0,"parent":0,"menu_order":0,"comment_status":"closed","ping_status":"closed","template":"","meta":{"footnotes":""},"class_list":["post-13","page","type-page","status-publish","hentry"],"_links":{"self":[{"href":"https:\/\/gleisfrei.com\/fr\/wp-json\/wp\/v2\/pages\/13","targetHints":{"allow":["GET"]}}],"collection":[{"href":"https:\/\/gleisfrei.com\/fr\/wp-json\/wp\/v2\/pages"}],"about":[{"href":"https:\/\/gleisfrei.com\/fr\/wp-json\/wp\/v2\/types\/page"}],"author":[{"embeddable":true,"href":"https:\/\/gleisfrei.com\/fr\/wp-json\/wp\/v2\/users\/3"}],"replies":[{"embeddable":true,"href":"https:\/\/gleisfrei.com\/fr\/wp-json\/wp\/v2\/comments?post=13"}],"version-history":[{"count":100,"href":"https:\/\/gleisfrei.com\/fr\/wp-json\/wp\/v2\/pages\/13\/revisions"}],"predecessor-version":[{"id":1893,"href":"https:\/\/gleisfrei.com\/fr\/wp-json\/wp\/v2\/pages\/13\/revisions\/1893"}],"wp:attachment":[{"href":"https:\/\/gleisfrei.com\/fr\/wp-json\/wp\/v2\/media?parent=13"}],"curies":[{"name":"wp","href":"https:\/\/api.w.org\/{rel}","templated":true}]}}