{"id":1052,"date":"2016-06-16T10:08:16","date_gmt":"2016-06-16T08:08:16","guid":{"rendered":"http:\/\/gleisfrei.com\/?page_id=1052"},"modified":"2022-02-01T09:19:26","modified_gmt":"2022-02-01T08:19:26","slug":"ricambi","status":"publish","type":"page","link":"https:\/\/gleisfrei.com\/fr\/ricambi\/","title":{"rendered":"Pi\u00e8ces de Rechange"},"content":{"rendered":"<p>[vc_row padding_top=\u00a0\u00bb10&Prime; padding_bottom=\u00a0\u00bb10&Prime;][vc_column]\n\t<div class=\"custom-heading wpb_content_element \">\n\t\t<h2 class=\"heading-title\" >GLEISFREI : EXP\u00c9RIENCE ET FIABILIT\u00c9<\/h2>\n\t\t<span class=\"heading-line primary\"><\/span>\n\t<\/div>[vc_column_text]En ce qui concerne les pi\u00e8ces de rechange ferroviaires, Gleisfrei est un point de r\u00e9f\u00e9rence gr\u00e2ce \u00e0 ses relations consolid\u00e9es avec tous les principaux fabricants autoris\u00e9s en Europe. Gleisfrei est donc en mesure de fournir les suivantes pi\u00e8ces de rechange : essieux et roues (avec ou sans bo\u00eetes et roulements), composants des freins pneumatiques (r\u00e9servoirs d&rsquo;air, distributeurs, robinets automatiques et directs, cylindres de frein, robinets et tuyaux de la conduite principale), suspensions (ressorts \u00e0 lames paraboliques et trap\u00e9zo\u00efdaux), composants de traction\/r\u00e9pulsion (crochets, tendeurs et tampons), etc.[\/vc_column_text][vc_media_grid element_width=\u00a0\u00bb3&Prime; gap=\u00a0\u00bb10&Prime; grid_id=\u00a0\u00bbvc_gid:1622194366107-5bdcc26f-8e2e-8&Prime; include=\u00a0\u00bb1157,1158,1159,1160,1161,1162,1163,1165,1166,1167&Prime;][\/vc_column][\/vc_row]<\/p>","protected":false},"excerpt":{"rendered":"<p>[vc_row padding_top=\u00a0\u00bb10&Prime; padding_bottom=\u00a0\u00bb10&Prime;][vc_column][vc_column_text]En ce qui concerne les pi\u00e8ces de rechange ferroviaires, Gleisfrei est un point de r\u00e9f\u00e9rence gr\u00e2ce \u00e0 ses relations &#8230;<\/p>\n","protected":false},"author":3,"featured_media":0,"parent":0,"menu_order":0,"comment_status":"closed","ping_status":"closed","template":"","meta":{"footnotes":""},"class_list":["post-1052","page","type-page","status-publish","hentry"],"_links":{"self":[{"href":"https:\/\/gleisfrei.com\/fr\/wp-json\/wp\/v2\/pages\/1052","targetHints":{"allow":["GET"]}}],"collection":[{"href":"https:\/\/gleisfrei.com\/fr\/wp-json\/wp\/v2\/pages"}],"about":[{"href":"https:\/\/gleisfrei.com\/fr\/wp-json\/wp\/v2\/types\/page"}],"author":[{"embeddable":true,"href":"https:\/\/gleisfrei.com\/fr\/wp-json\/wp\/v2\/users\/3"}],"replies":[{"embeddable":true,"href":"https:\/\/gleisfrei.com\/fr\/wp-json\/wp\/v2\/comments?post=1052"}],"version-history":[{"count":10,"href":"https:\/\/gleisfrei.com\/fr\/wp-json\/wp\/v2\/pages\/1052\/revisions"}],"predecessor-version":[{"id":1861,"href":"https:\/\/gleisfrei.com\/fr\/wp-json\/wp\/v2\/pages\/1052\/revisions\/1861"}],"wp:attachment":[{"href":"https:\/\/gleisfrei.com\/fr\/wp-json\/wp\/v2\/media?parent=1052"}],"curies":[{"name":"wp","href":"https:\/\/api.w.org\/{rel}","templated":true}]}}