{"id":1019,"date":"2016-01-14T11:36:34","date_gmt":"2016-01-14T10:36:34","guid":{"rendered":"http:\/\/gleisfrei.com\/?page_id=1019"},"modified":"2021-05-28T15:45:14","modified_gmt":"2021-05-28T13:45:14","slug":"assistenza-esterna","status":"publish","type":"page","link":"https:\/\/gleisfrei.com\/fr\/assistenza-esterna\/","title":{"rendered":"Assistance Externe"},"content":{"rendered":"<p>[vc_row padding_top=\u00a0\u00bb10&Prime; padding_bottom=\u00a0\u00bb10&Prime;][vc_column]\n\t<div class=\"custom-heading wpb_content_element \">\n\t\t<h2 class=\"heading-title\" >Gleisfrei : Nos techniciens qualifi\u00e9s sur place<\/h2>\n\t\t<span class=\"heading-line primary\"><\/span>\n\t<\/div>[vc_column_text]<\/p>\n<p style=\"text-align: justify;\">Gr\u00e2ce \u00e0 ses techniciens qualifi\u00e9s et \u00e0 ses propres camionnettes (ateliers mobiles), Gleisfrei est en mesure d&rsquo;aider ses clients dans les meilleurs d\u00e9lais, m\u00eame en cas de r\u00e9paration sur les chantiers o\u00f9 le v\u00e9hicule est utilis\u00e9. Gleisfrei op\u00e8re sur l&rsquo;ensemble du territoire national en comptant aujourd&rsquo;hui en moyenne environ 200 interventions par an r\u00e9alis\u00e9es chez ses clients. Utilisez notre formulaire de contact pour demander l&rsquo;assistance externe de notre personnel sp\u00e9cialis\u00e9, nous vous contacterons dans les meilleurs d\u00e9lais pour une premi\u00e8re analyse de la panne et l&rsquo;identification du technicien le plus appropri\u00e9 \u00e0 envoyer.<\/p>\n<p>[\/vc_column_text][\/vc_column][\/vc_row]<\/p>","protected":false},"excerpt":{"rendered":"<p>[vc_row padding_top=\u00a0\u00bb10&Prime; padding_bottom=\u00a0\u00bb10&Prime;][vc_column][vc_column_text] Gr\u00e2ce \u00e0 ses techniciens qualifi\u00e9s et \u00e0 ses propres camionnettes (ateliers mobiles), Gleisfrei est en mesure d&rsquo;aider ses &#8230;<\/p>\n","protected":false},"author":3,"featured_media":0,"parent":0,"menu_order":0,"comment_status":"closed","ping_status":"closed","template":"","meta":{"footnotes":""},"class_list":["post-1019","page","type-page","status-publish","hentry"],"_links":{"self":[{"href":"https:\/\/gleisfrei.com\/fr\/wp-json\/wp\/v2\/pages\/1019","targetHints":{"allow":["GET"]}}],"collection":[{"href":"https:\/\/gleisfrei.com\/fr\/wp-json\/wp\/v2\/pages"}],"about":[{"href":"https:\/\/gleisfrei.com\/fr\/wp-json\/wp\/v2\/types\/page"}],"author":[{"embeddable":true,"href":"https:\/\/gleisfrei.com\/fr\/wp-json\/wp\/v2\/users\/3"}],"replies":[{"embeddable":true,"href":"https:\/\/gleisfrei.com\/fr\/wp-json\/wp\/v2\/comments?post=1019"}],"version-history":[{"count":14,"href":"https:\/\/gleisfrei.com\/fr\/wp-json\/wp\/v2\/pages\/1019\/revisions"}],"predecessor-version":[{"id":1785,"href":"https:\/\/gleisfrei.com\/fr\/wp-json\/wp\/v2\/pages\/1019\/revisions\/1785"}],"wp:attachment":[{"href":"https:\/\/gleisfrei.com\/fr\/wp-json\/wp\/v2\/media?parent=1019"}],"curies":[{"name":"wp","href":"https:\/\/api.w.org\/{rel}","templated":true}]}}