{"id":1015,"date":"2016-01-14T11:35:31","date_gmt":"2016-01-14T10:35:31","guid":{"rendered":"http:\/\/gleisfrei.com\/?page_id=1015"},"modified":"2021-05-28T15:38:55","modified_gmt":"2021-05-28T13:38:55","slug":"riparazioni","status":"publish","type":"page","link":"https:\/\/gleisfrei.com\/fr\/riparazioni\/","title":{"rendered":"R\u00e9parations"},"content":{"rendered":"<p>[vc_row padding_top=&#8221;10&#8243; padding_bottom=&#8221;10&#8243;][vc_column]\n\t<div class=\"custom-heading wpb_content_element \">\n\t\t<h2 class=\"heading-title\" >GLEISFREI : EXP\u00c9RIENCE ET FIABILIT\u00c9<\/h2>\n\t\t<span class=\"heading-line primary\"><\/span>\n\t<\/div>[vc_column_text]<\/p>\n<p style=\"text-align: justify;\">Gleisfrei est un atelier qualifi\u00e9 chez RFI dans les cat\u00e9gories OMM-A, OMM-B ainsi qu\u2019OMM-C pour la r\u00e9paration et l&#8217;entretien de v\u00e9hicules ferroviaires, m\u00eame ceux qui ne sont pas de construction r\u00e9cente, avec une capacit\u00e9 \u00e0 ce jour d&#8217;environ 100 r\u00e9visions quinquennales effectu\u00e9es chaque ann\u00e9e.<\/p>\n<p style=\"text-align: justify;\">Gr\u00e2ce \u00e0 son personnel hautement qualifi\u00e9 et \u00e0 sa vaste exp\u00e9rience de pr\u00e8s de vingt ans, Gleisfrei est en mesure de s\u2019occuper de la r\u00e9paration de wagons et de locomotives ainsi que d&#8217;autres types de v\u00e9hicules de tous les principaux fabricants ferroviaires, tels que General Electric, Mak, Krauss Maffei, Deutz, Badoni, Greco, Jenbach, Donelli, Fipem, Keller, Robel-Schoma, Orenstein&amp;Koppel et bien d&#8217;autres.<\/p>\n<p>[\/vc_column_text][\/vc_column][\/vc_row]<\/p>","protected":false},"excerpt":{"rendered":"<p>[vc_row padding_top=&#8221;10&#8243; padding_bottom=&#8221;10&#8243;][vc_column][vc_column_text] Gleisfrei est un atelier qualifi\u00e9 chez RFI dans les cat\u00e9gories OMM-A, OMM-B ainsi qu\u2019OMM-C pour la r\u00e9paration et &#8230;<\/p>\n","protected":false},"author":3,"featured_media":0,"parent":0,"menu_order":0,"comment_status":"closed","ping_status":"closed","template":"","meta":{"footnotes":""},"class_list":["post-1015","page","type-page","status-publish","hentry"],"_links":{"self":[{"href":"https:\/\/gleisfrei.com\/fr\/wp-json\/wp\/v2\/pages\/1015","targetHints":{"allow":["GET"]}}],"collection":[{"href":"https:\/\/gleisfrei.com\/fr\/wp-json\/wp\/v2\/pages"}],"about":[{"href":"https:\/\/gleisfrei.com\/fr\/wp-json\/wp\/v2\/types\/page"}],"author":[{"embeddable":true,"href":"https:\/\/gleisfrei.com\/fr\/wp-json\/wp\/v2\/users\/3"}],"replies":[{"embeddable":true,"href":"https:\/\/gleisfrei.com\/fr\/wp-json\/wp\/v2\/comments?post=1015"}],"version-history":[{"count":12,"href":"https:\/\/gleisfrei.com\/fr\/wp-json\/wp\/v2\/pages\/1015\/revisions"}],"predecessor-version":[{"id":1783,"href":"https:\/\/gleisfrei.com\/fr\/wp-json\/wp\/v2\/pages\/1015\/revisions\/1783"}],"wp:attachment":[{"href":"https:\/\/gleisfrei.com\/fr\/wp-json\/wp\/v2\/media?parent=1015"}],"curies":[{"name":"wp","href":"https:\/\/api.w.org\/{rel}","templated":true}]}}