{"id":1006,"date":"2016-01-14T11:31:35","date_gmt":"2016-01-14T10:31:35","guid":{"rendered":"http:\/\/gleisfrei.com\/?page_id=1006"},"modified":"2023-02-16T14:14:52","modified_gmt":"2023-02-16T13:14:52","slug":"treni-diserbo","status":"publish","type":"page","link":"https:\/\/gleisfrei.com\/fr\/treni-diserbo\/","title":{"rendered":"Trains de D\u00e9sherbage"},"content":{"rendered":"<p>[vc_row][vc_column][vc_column_text]<\/p>\n<h2><strong>TRAINS DE D\u00c9SHERBAGE<\/strong><\/h2>\n<p>Les trains de d\u00e9sherbage GMD235 sont sp\u00e9cifiquement con\u00e7us pour l&rsquo;\u00e9limination chimique de la v\u00e9g\u00e9tation, des arbustes et des feuilles, sur les c\u00f4t\u00e9s de la voie. Ils sont \u00e9quip\u00e9s d&rsquo;un syst\u00e8me de d\u00e9tection de la v\u00e9g\u00e9tation par infrarouge et la pr\u00e9paration du produit chimique a lieu pendant la phase de travail. Consultez la fiche technique pour plus d&rsquo;informations ![\/vc_column_text][vc_media_grid element_width=\u00a0\u00bb6&Prime; gap=\u00a0\u00bb10&Prime; grid_id=\u00a0\u00bbvc_gid:1676389639510-02dd940f-8267-6&Prime; include=\u00a0\u00bb1870,1869,1868&Prime;][\/vc_column][\/vc_row]<\/p>","protected":false},"excerpt":{"rendered":"<p>[vc_row][vc_column][vc_column_text] TRAINS DE D\u00c9SHERBAGE Les trains de d\u00e9sherbage GMD235 sont sp\u00e9cifiquement con\u00e7us pour l&rsquo;\u00e9limination chimique de la v\u00e9g\u00e9tation, des arbustes et &#8230;<\/p>\n","protected":false},"author":3,"featured_media":1870,"parent":0,"menu_order":0,"comment_status":"closed","ping_status":"closed","template":"","meta":{"footnotes":""},"class_list":["post-1006","page","type-page","status-publish","has-post-thumbnail","hentry"],"_links":{"self":[{"href":"https:\/\/gleisfrei.com\/fr\/wp-json\/wp\/v2\/pages\/1006","targetHints":{"allow":["GET"]}}],"collection":[{"href":"https:\/\/gleisfrei.com\/fr\/wp-json\/wp\/v2\/pages"}],"about":[{"href":"https:\/\/gleisfrei.com\/fr\/wp-json\/wp\/v2\/types\/page"}],"author":[{"embeddable":true,"href":"https:\/\/gleisfrei.com\/fr\/wp-json\/wp\/v2\/users\/3"}],"replies":[{"embeddable":true,"href":"https:\/\/gleisfrei.com\/fr\/wp-json\/wp\/v2\/comments?post=1006"}],"version-history":[{"count":12,"href":"https:\/\/gleisfrei.com\/fr\/wp-json\/wp\/v2\/pages\/1006\/revisions"}],"predecessor-version":[{"id":1888,"href":"https:\/\/gleisfrei.com\/fr\/wp-json\/wp\/v2\/pages\/1006\/revisions\/1888"}],"wp:featuredmedia":[{"embeddable":true,"href":"https:\/\/gleisfrei.com\/fr\/wp-json\/wp\/v2\/media\/1870"}],"wp:attachment":[{"href":"https:\/\/gleisfrei.com\/fr\/wp-json\/wp\/v2\/media?parent=1006"}],"curies":[{"name":"wp","href":"https:\/\/api.w.org\/{rel}","templated":true}]}}