{"id":1003,"date":"2016-01-14T11:30:54","date_gmt":"2016-01-14T10:30:54","guid":{"rendered":"http:\/\/gleisfrei.com\/?page_id=1003"},"modified":"2023-11-21T16:27:59","modified_gmt":"2023-11-21T15:27:59","slug":"mezzi-speciali","status":"publish","type":"page","link":"https:\/\/gleisfrei.com\/fr\/mezzi-speciali\/","title":{"rendered":"V\u00e9hicules Sp\u00e9ciaux"},"content":{"rendered":"<p>[vc_row][vc_column][vc_column_text]<\/p>\n<h2><strong>V\u00c9HICULES SP\u00c9CIAUX<\/strong><\/h2>\n<p>D\u00c9BROUSSAILLEUSE DGF 235<\/p>\n<p>La d\u00e9broussailleuse DGF 235 de Gleisfrei est un v\u00e9hicule sp\u00e9cial con\u00e7u pour contr\u00f4ler la v\u00e9g\u00e9tation le long des voies ferr\u00e9es. Ce v\u00e9hicule est \u00e9quip\u00e9 d&rsquo;un bras d\u00e9broussailleur avec une faucheuse de 120 cm et une port\u00e9e de 7850 mm. La puissance absorb\u00e9e par le syst\u00e8me hydraulique est d\u2019environ 50 kW, comme l&rsquo;exige le syst\u00e8me de qualification SQ007 de RFI.[\/vc_column_text][vc_media_grid element_width=\u00a0\u00bb12&Prime; item=\u00a0\u00bbmasonryMedia_Default\u00a0\u00bb grid_id=\u00a0\u00bbvc_gid:1700580324808-a59411b0-1db2-8&Prime; include=\u00a0\u00bb1716,1715&Prime;][vc_video link=\u00a0\u00bbhttps:\/\/www.youtube.com\/watch?v=TYlTzFi-7wc&amp;t=1s\u00a0\u00bb title=\u00a0\u00bbDGF 235&Prime;][\/vc_column][\/vc_row][vc_row][vc_column][vc_column_text]WAGON TENDEUR HTS1100<\/p>\n<p>Con\u00e7u pour les soci\u00e9t\u00e9s ferroviaires s\u2019occupant de la traction \u00e9lectrique, ce v\u00e9hicule est une composition de deux wagons (mod\u00e8le H1100), sur lesquels le syst\u00e8me tendeur Tesmec CFQ503 a \u00e9t\u00e9 install\u00e9.[\/vc_column_text][vc_media_grid element_width=\u00a0\u00bb12&Prime; grid_id=\u00a0\u00bbvc_gid:1700580324809-1c2bb8e2-e4eb-6&Prime; include=\u00a0\u00bb1718&Prime;][\/vc_column][\/vc_row][vc_row][vc_column][vc_column_text]Wagon d&rsquo;inspection de pont remorqu\u00e9 H950\/25 BB[\/vc_column_text][vc_media_grid element_width=\u00a0\u00bb12&Prime; grid_id=\u00a0\u00bbvc_gid:1700580327831-c5dfe9da-25bf-6&Prime; include=\u00a0\u00bb1916,1917,1918&Prime;][\/vc_column][\/vc_row][vc_row][vc_column][vc_column_text]WAGON MOTORIS\u00c9 POUR L&rsquo;INSPECTION DES PONTS H950\/25 ABB[\/vc_column_text][vc_media_grid element_width=\u00a0\u00bb12&Prime; grid_id=\u00a0\u00bbvc_gid:1700580366261-7c675e64-5623-7&Prime; include=\u00a0\u00bb1920,1921,1922&Prime;][\/vc_column][\/vc_row]<\/p>","protected":false},"excerpt":{"rendered":"<p>[vc_row][vc_column][vc_column_text] V\u00c9HICULES SP\u00c9CIAUX D\u00c9BROUSSAILLEUSE DGF 235 La d\u00e9broussailleuse DGF 235 de Gleisfrei est un v\u00e9hicule sp\u00e9cial con\u00e7u pour contr\u00f4ler la v\u00e9g\u00e9tation &#8230;<\/p>\n","protected":false},"author":3,"featured_media":0,"parent":0,"menu_order":0,"comment_status":"closed","ping_status":"closed","template":"","meta":{"footnotes":""},"class_list":["post-1003","page","type-page","status-publish","hentry"],"_links":{"self":[{"href":"https:\/\/gleisfrei.com\/fr\/wp-json\/wp\/v2\/pages\/1003","targetHints":{"allow":["GET"]}}],"collection":[{"href":"https:\/\/gleisfrei.com\/fr\/wp-json\/wp\/v2\/pages"}],"about":[{"href":"https:\/\/gleisfrei.com\/fr\/wp-json\/wp\/v2\/types\/page"}],"author":[{"embeddable":true,"href":"https:\/\/gleisfrei.com\/fr\/wp-json\/wp\/v2\/users\/3"}],"replies":[{"embeddable":true,"href":"https:\/\/gleisfrei.com\/fr\/wp-json\/wp\/v2\/comments?post=1003"}],"version-history":[{"count":33,"href":"https:\/\/gleisfrei.com\/fr\/wp-json\/wp\/v2\/pages\/1003\/revisions"}],"predecessor-version":[{"id":1919,"href":"https:\/\/gleisfrei.com\/fr\/wp-json\/wp\/v2\/pages\/1003\/revisions\/1919"}],"wp:attachment":[{"href":"https:\/\/gleisfrei.com\/fr\/wp-json\/wp\/v2\/media?parent=1003"}],"curies":[{"name":"wp","href":"https:\/\/api.w.org\/{rel}","templated":true}]}}