{"id":1001,"date":"2016-01-14T11:30:28","date_gmt":"2016-01-14T10:30:28","guid":{"rendered":"http:\/\/gleisfrei.com\/?page_id=1001"},"modified":"2023-11-21T10:58:35","modified_gmt":"2023-11-21T09:58:35","slug":"motocarrelli","status":"publish","type":"page","link":"https:\/\/gleisfrei.com\/fr\/motocarrelli\/","title":{"rendered":"Draisines Motoris\u00e9es"},"content":{"rendered":"<p>[vc_row][vc_column][vc_column_text]<\/p>\n<h2><strong>DRAISINES MOTORIS\u00c9ES<\/strong><\/h2>\n<p>Les draisines motoris\u00e9es GCF de GleisFrei sont des v\u00e9hicules de traction destin\u00e9s \u00e0 toutes les entreprises op\u00e9rant dans le domaine de la construction et de l&rsquo;entretien des voies, des cat\u00e9naires et de la traction \u00e9lectrique. Les draisines motoris\u00e9es GCF sont largement adaptables aux besoins de l&rsquo;utilisateur avec des moteurs de 150 CV \u00e0 500 CV, la possibilit\u00e9 d&rsquo;installer des grues pour d\u00e9placer des traverses, des rails et d&rsquo;autres mat\u00e9riaux de travail, ainsi que d&rsquo;\u00eatre \u00e9quip\u00e9s de nacelles \u00e9l\u00e9vatrices de diff\u00e9rentes capacit\u00e9s et port\u00e9es selon les besoins de l&rsquo;utilisateur final.[\/vc_column_text][vc_column_text]DRAISINE MOTORIS\u00c9E AVEC GRUE GCF180G[\/vc_column_text][vc_media_grid element_width=\u00a0\u00bb12&Prime; gap=\u00a0\u00bb10&Prime; item=\u00a0\u00bbmasonryMedia_Default\u00a0\u00bb grid_id=\u00a0\u00bbvc_gid:1700560540408-52df9f25-4584-10&Prime; include=\u00a0\u00bb1878,1877,1876,1875&Prime;][vc_column_text css=\u00a0\u00bb.vc_custom_1700560559669{padding-top: 40px !important;}\u00a0\u00bb]DRAISINE MOTORIS\u00c9E AVEC GRUE AGR350V3[\/vc_column_text][vc_media_grid element_width=\u00a0\u00bb12&Prime; gap=\u00a0\u00bb10&Prime; item=\u00a0\u00bbmasonryMedia_Default\u00a0\u00bb grid_id=\u00a0\u00bbvc_gid:1700560560958-834d4bf0-f9c7-10&Prime; include=\u00a0\u00bb1904,1903,1905&Prime;][vc_column_text css=\u00a0\u00bb.vc_custom_1700560583285{padding-top: 40px !important;}\u00a0\u00bb]DRAISINE MOTORIS\u00c9E AVEC GRUE GCF380 GR[\/vc_column_text][vc_media_grid element_width=\u00a0\u00bb12&Prime; gap=\u00a0\u00bb10&Prime; item=\u00a0\u00bbmasonryMedia_Default\u00a0\u00bb grid_id=\u00a0\u00bbvc_gid:1700560584581-b050bf4d-5195-5&Prime; include=\u00a0\u00bb1906,1907,1908&Prime;][vc_column_text css=\u00a0\u00bb.vc_custom_1700560607921{padding-top: 40px !important;}\u00a0\u00bb]DRAISINE MOTORIS\u00c9E AVEC GRUE GCF180[\/vc_column_text][vc_media_grid element_width=\u00a0\u00bb12&Prime; gap=\u00a0\u00bb10&Prime; item=\u00a0\u00bbmasonryMedia_Default\u00a0\u00bb grid_id=\u00a0\u00bbvc_gid:1700560609330-abce56c2-642b-6&Prime; include=\u00a0\u00bb1909,1910,1911&Prime;][\/vc_column][\/vc_row]<\/p>","protected":false},"excerpt":{"rendered":"<p>[vc_row][vc_column][vc_column_text] DRAISINES MOTORIS\u00c9ES Les draisines motoris\u00e9es GCF de GleisFrei sont des v\u00e9hicules de traction destin\u00e9s \u00e0 toutes les entreprises op\u00e9rant dans &#8230;<\/p>\n","protected":false},"author":3,"featured_media":1878,"parent":0,"menu_order":0,"comment_status":"closed","ping_status":"closed","template":"","meta":{"footnotes":""},"class_list":["post-1001","page","type-page","status-publish","has-post-thumbnail","hentry"],"_links":{"self":[{"href":"https:\/\/gleisfrei.com\/fr\/wp-json\/wp\/v2\/pages\/1001","targetHints":{"allow":["GET"]}}],"collection":[{"href":"https:\/\/gleisfrei.com\/fr\/wp-json\/wp\/v2\/pages"}],"about":[{"href":"https:\/\/gleisfrei.com\/fr\/wp-json\/wp\/v2\/types\/page"}],"author":[{"embeddable":true,"href":"https:\/\/gleisfrei.com\/fr\/wp-json\/wp\/v2\/users\/3"}],"replies":[{"embeddable":true,"href":"https:\/\/gleisfrei.com\/fr\/wp-json\/wp\/v2\/comments?post=1001"}],"version-history":[{"count":27,"href":"https:\/\/gleisfrei.com\/fr\/wp-json\/wp\/v2\/pages\/1001\/revisions"}],"predecessor-version":[{"id":1915,"href":"https:\/\/gleisfrei.com\/fr\/wp-json\/wp\/v2\/pages\/1001\/revisions\/1915"}],"wp:featuredmedia":[{"embeddable":true,"href":"https:\/\/gleisfrei.com\/fr\/wp-json\/wp\/v2\/media\/1878"}],"wp:attachment":[{"href":"https:\/\/gleisfrei.com\/fr\/wp-json\/wp\/v2\/media?parent=1001"}],"curies":[{"name":"wp","href":"https:\/\/api.w.org\/{rel}","templated":true}]}}