{"id":999,"date":"2016-01-14T11:29:34","date_gmt":"2016-01-14T10:29:34","guid":{"rendered":"http:\/\/gleisfrei.com\/?page_id=999"},"modified":"2021-05-28T16:08:37","modified_gmt":"2021-05-28T14:08:37","slug":"fresa-gallerie","status":"publish","type":"page","link":"https:\/\/gleisfrei.com\/es\/fresa-gallerie\/","title":{"rendered":"Tuneladora"},"content":{"rendered":"<p>[vc_row][vc_column][vc_column_text]<\/p>\n<h2><strong>TUNELADORA<\/strong><\/h2>\n<p>La tuneladora ha sido realizada por Gleisfrei para todas aquellas empresas que operan en el campo de la construcci\u00f3n y el mantenimiento de t\u00faneles. La m\u00e1quina est\u00e1 equipada con un cabezal de fresado de 55 kW, una o dos cabinas de control, seg\u00fan las necesidades del cliente, y la posibilidad de control remoto. El sistema de transporte de escombros de Gleisfrei permite la recogida de escombros en el contenedor especial montado en la propia tuneladora o en un posible vag\u00f3n de acompa\u00f1amiento. [\/vc_column_text][\/vc_column][\/vc_row][vc_row][vc_column width=\u00bb1\/2&#8243;][vc_button title=\u00bbTUNELADORA GFR55-75&#8243; position=\u00bbright\u00bb link=\u00bburl:https%3A%2F%2Fgleisfrei.com%2Fwp-content%2Fuploads%2F2016%2F09%2FCarro-fresa-gallerie-GFR55-75.pdf||\u00bb][\/vc_column][\/vc_row][vc_row][vc_column][vc_media_grid element_width=\u00bb12&#8243; gap=\u00bb10&#8243; item=\u00bbmasonryMedia_Default\u00bb grid_id=\u00bbvc_gid:1622210859124-2acdd1f8-21b9-8&#8243; include=\u00bb1153,1154,1413&#8243;][\/vc_column][\/vc_row]<\/p>","protected":false},"excerpt":{"rendered":"<p>[vc_row][vc_column][vc_column_text] TUNELADORA La tuneladora ha sido realizada por Gleisfrei para todas aquellas empresas que operan en el campo de la construcci\u00f3n &#8230;<\/p>\n","protected":false},"author":3,"featured_media":920,"parent":0,"menu_order":0,"comment_status":"closed","ping_status":"closed","template":"","meta":{"footnotes":""},"class_list":["post-999","page","type-page","status-publish","has-post-thumbnail","hentry"],"_links":{"self":[{"href":"https:\/\/gleisfrei.com\/es\/wp-json\/wp\/v2\/pages\/999","targetHints":{"allow":["GET"]}}],"collection":[{"href":"https:\/\/gleisfrei.com\/es\/wp-json\/wp\/v2\/pages"}],"about":[{"href":"https:\/\/gleisfrei.com\/es\/wp-json\/wp\/v2\/types\/page"}],"author":[{"embeddable":true,"href":"https:\/\/gleisfrei.com\/es\/wp-json\/wp\/v2\/users\/3"}],"replies":[{"embeddable":true,"href":"https:\/\/gleisfrei.com\/es\/wp-json\/wp\/v2\/comments?post=999"}],"version-history":[{"count":11,"href":"https:\/\/gleisfrei.com\/es\/wp-json\/wp\/v2\/pages\/999\/revisions"}],"predecessor-version":[{"id":1792,"href":"https:\/\/gleisfrei.com\/es\/wp-json\/wp\/v2\/pages\/999\/revisions\/1792"}],"wp:featuredmedia":[{"embeddable":true,"href":"https:\/\/gleisfrei.com\/es\/wp-json\/wp\/v2\/media\/920"}],"wp:attachment":[{"href":"https:\/\/gleisfrei.com\/es\/wp-json\/wp\/v2\/media?parent=999"}],"curies":[{"name":"wp","href":"https:\/\/api.w.org\/{rel}","templated":true}]}}