{"id":21,"date":"2015-02-05T10:21:41","date_gmt":"2015-02-05T10:21:41","guid":{"rendered":"http:\/\/demo.wpcharming.com\/construction\/?page_id=21"},"modified":"2026-02-09T15:18:55","modified_gmt":"2026-02-09T14:18:55","slug":"azienda","status":"publish","type":"page","link":"https:\/\/gleisfrei.com\/es\/azienda\/","title":{"rendered":"(Italiano) Azienda"},"content":{"rendered":"<p class=\"qtranxs-available-languages-message qtranxs-available-languages-message-es\">Disculpa, pero esta entrada est\u00e1 disponible s\u00f3lo en <a href=\"https:\/\/gleisfrei.com\/it\/wp-json\/wp\/v2\/pages\/21\" class=\"qtranxs-available-language-link qtranxs-available-language-link-it\" title=\"Italiano\">Italiano<\/a>, <a href=\"https:\/\/gleisfrei.com\/en\/wp-json\/wp\/v2\/pages\/21\" class=\"qtranxs-available-language-link qtranxs-available-language-link-en\" title=\"English\">English<\/a> y <a href=\"https:\/\/gleisfrei.com\/fr\/wp-json\/wp\/v2\/pages\/21\" class=\"qtranxs-available-language-link qtranxs-available-language-link-fr\" title=\"Fran\u00e7ais\">Fran\u00e7ais<\/a>.<\/p>","protected":false},"excerpt":{"rendered":"<p>Disculpa, pero esta entrada est\u00e1 disponible s\u00f3lo en Italiano, English y Fran\u00e7ais.<\/p>\n","protected":false},"author":3,"featured_media":0,"parent":0,"menu_order":0,"comment_status":"closed","ping_status":"closed","template":"","meta":{"footnotes":""},"class_list":["post-21","page","type-page","status-publish","hentry"],"_links":{"self":[{"href":"https:\/\/gleisfrei.com\/es\/wp-json\/wp\/v2\/pages\/21","targetHints":{"allow":["GET"]}}],"collection":[{"href":"https:\/\/gleisfrei.com\/es\/wp-json\/wp\/v2\/pages"}],"about":[{"href":"https:\/\/gleisfrei.com\/es\/wp-json\/wp\/v2\/types\/page"}],"author":[{"embeddable":true,"href":"https:\/\/gleisfrei.com\/es\/wp-json\/wp\/v2\/users\/3"}],"replies":[{"embeddable":true,"href":"https:\/\/gleisfrei.com\/es\/wp-json\/wp\/v2\/comments?post=21"}],"version-history":[{"count":64,"href":"https:\/\/gleisfrei.com\/es\/wp-json\/wp\/v2\/pages\/21\/revisions"}],"predecessor-version":[{"id":1946,"href":"https:\/\/gleisfrei.com\/es\/wp-json\/wp\/v2\/pages\/21\/revisions\/1946"}],"wp:attachment":[{"href":"https:\/\/gleisfrei.com\/es\/wp-json\/wp\/v2\/media?parent=21"}],"curies":[{"name":"wp","href":"https:\/\/api.w.org\/{rel}","templated":true}]}}