{"id":13,"date":"2015-02-05T10:20:33","date_gmt":"2015-02-05T10:20:33","guid":{"rendered":"http:\/\/demo.wpcharming.com\/construction\/?page_id=13"},"modified":"2023-02-16T14:45:28","modified_gmt":"2023-02-16T13:45:28","slug":"gleisfrei","status":"publish","type":"page","link":"https:\/\/gleisfrei.com\/es\/","title":{"rendered":"Home"},"content":{"rendered":"<p>[vc_section][vc_row row_type=\u00bbrow_full_center_content\u00bb padding_bottom=\u00bb50&#8243; class=\u00bbmobile-no-margin-top inverted-row\u00bb][vc_column width=\u00bb1\/3&#8243;]\n\t<div class=\"wpb_content_element featured-box categoria-prodotto\" >\n\t\t\t<div class=\"featured-box-thumb\"><a title=\"\" target=\"\" href=\"https:\/\/gleisfrei.com\/carri-ferroviari\/\"><img decoding=\"async\" src=\"https:\/\/gleisfrei.com\/wp-content\/uploads\/2019\/10\/carri-fer-600x300.jpg\"><\/a>\n\t\t\t<\/div>\n\t\t\t<div class=\"featured-box-content\"><h4>Vagones ferroviarios<\/h4>\n\t\t\t\t\t<div class=\"featured-box-desc\"><p>Los vagones ferroviarios no equipados espec\u00edficamente est\u00e1n dise\u00f1ados por Gleisfrei para aquellas empresas que operan en el campo de la construcci\u00f3n y del mantenimiento de ferrocarriles, permitiendo el transporte de materiales y\/o equipos de trabajo que pueden ser colocados directamente en la superficie de carga o fijados a un subchasis hecho ad hoc para la aplicaci\u00f3n necesaria. <\/p>\n\t\t\t\t\t<\/div>\n\t\t\t\t\t<div class=\"featured-box-button\">\n\t\t\t\t\t\t<a title=\"\" target=\"\" href=\"https:\/\/gleisfrei.com\/carri-ferroviari\/\" class=\"\">VER LOS PRODUCTOS<\/a>\n\t\t\t\t\t<\/div>\n\t\t\t<\/div>\n\t<\/div>[\/vc_column][vc_column width=\u00bb1\/3&#8243;]\n\t<div class=\"wpb_content_element featured-box categoria-prodotto\" >\n\t\t\t<div class=\"featured-box-thumb\"><a title=\"\" target=\"\" href=\"https:\/\/gleisfrei.com\/locomotori\/\"><img decoding=\"async\" src=\"https:\/\/gleisfrei.com\/wp-content\/uploads\/2019\/10\/locomotori-600x300.jpg\"><\/a>\n\t\t\t<\/div>\n\t\t\t<div class=\"featured-box-content\"><h4>Locomotores <\/h4>\n\t\t\t\t\t<div class=\"featured-box-desc\"><p>Gleisfrei ofrece una gama de locomotores de maniobras con diferentes motorizaciones desde 185 kW hasta 380 kW y diferentes pesos seg\u00fan las necesidades de remolque. Todos los modelos est\u00e1n aprobados por RFI seg\u00fan la norma EN 14033.<\/p>\n\t\t\t\t\t<\/div>\n\t\t\t\t\t<div class=\"featured-box-button\">\n\t\t\t\t\t\t<a title=\"\" target=\"\" href=\"https:\/\/gleisfrei.com\/locomotori\/\" class=\"\">VER LOS PRODUCTOS<\/a>\n\t\t\t\t\t<\/div>\n\t\t\t<\/div>\n\t<\/div>[\/vc_column][vc_column width=\u00bb1\/3&#8243;]\n\t<div class=\"wpb_content_element featured-box categoria-prodotto\" >\n\t\t\t<div class=\"featured-box-thumb\"><a title=\"\" target=\"\" href=\"https:\/\/gleisfrei.com\/motocarrelli\/\"><img decoding=\"async\" src=\"https:\/\/gleisfrei.com\/wp-content\/uploads\/2023\/02\/GCF180G-600x300.jpg\"><\/a>\n\t\t\t<\/div>\n\t\t\t<div class=\"featured-box-content\"><h4>Motorbogies <\/h4>\n\t\t\t\t\t<div class=\"featured-box-desc\"><p>Los motorbogies GCF de Gleisfrei son veh\u00edculos ferroviarios de tracci\u00f3n dise\u00f1ados para todas las empresas que operan en el \u00e1mbito de la construcci\u00f3n y el mantenimiento de v\u00edas, catenarias y tracci\u00f3n el\u00e9ctrica. <\/p>\n\t\t\t\t\t<\/div>\n\t\t\t\t\t<div class=\"featured-box-button\">\n\t\t\t\t\t\t<a title=\"\" target=\"\" href=\"https:\/\/gleisfrei.com\/motocarrelli\/\" class=\"\">VER LOS PRODUCTOS<\/a>\n\t\t\t\t\t<\/div>\n\t\t\t<\/div>\n\t<\/div>[\/vc_column][\/vc_row][vc_row row_type=\u00bbrow_full_center_content\u00bb padding_bottom=\u00bb50&#8243; class=\u00bbmobile-no-margin-top inverted-row\u00bb][vc_column width=\u00bb1\/3&#8243;]\n\t<div class=\"wpb_content_element featured-box categoria-prodotto\" >\n\t\t\t<div class=\"featured-box-thumb\"><a title=\"\" target=\"\" href=\"https:\/\/gleisfrei.com\/fresa-gallerie\/\"><img decoding=\"async\" src=\"https:\/\/gleisfrei.com\/wp-content\/uploads\/2019\/10\/fresatrice-600x300.jpg\"><\/a>\n\t\t\t<\/div>\n\t\t\t<div class=\"featured-box-content\"><h4>Tuneladora <\/h4>\n\t\t\t\t\t<div class=\"featured-box-desc\"><p>La tuneladora ha sido realizada por Gleisfrei para todas aquellas empresas que operan en el campo de la construcci\u00f3n y el mantenimiento de t\u00faneles.<\/p>\n\t\t\t\t\t<\/div>\n\t\t\t\t\t<div class=\"featured-box-button\">\n\t\t\t\t\t\t<a title=\"\" target=\"\" href=\"https:\/\/gleisfrei.com\/fresa-gallerie\/\" class=\"\">VER LOS PRODUCTOS<\/a>\n\t\t\t\t\t<\/div>\n\t\t\t<\/div>\n\t<\/div>[\/vc_column][vc_column width=\u00bb1\/3&#8243;]\n\t<div class=\"wpb_content_element featured-box categoria-prodotto\" >\n\t\t\t<div class=\"featured-box-thumb\"><a title=\"\" target=\"\" href=\"https:\/\/gleisfrei.com\/manutenzione-t-e\/\"><img decoding=\"async\" src=\"https:\/\/gleisfrei.com\/wp-content\/uploads\/2019\/10\/manutenzione-600x300.jpg\"><\/a>\n\t\t\t<\/div>\n\t\t\t<div class=\"featured-box-content\"><h4>Mantenimiento T.E. <\/h4>\n\t\t\t\t\t<div class=\"featured-box-desc\"><p>Gleisfrei es un punto de referencia tambi\u00e9n en el campo del mantenimiento de la tracci\u00f3n el\u00e9ctrica ofreciendo escaleras autopropulsadas polivalentes para el tendido de l\u00edneas de contacto. <\/p>\n\t\t\t\t\t<\/div>\n\t\t\t\t\t<div class=\"featured-box-button\">\n\t\t\t\t\t\t<a title=\"\" target=\"\" href=\"https:\/\/gleisfrei.com\/manutenzione-t-e\/\" class=\"\">VER LOS PRODUCTOS<\/a>\n\t\t\t\t\t<\/div>\n\t\t\t<\/div>\n\t<\/div>[\/vc_column][vc_column width=\u00bb1\/3&#8243;]\n\t<div class=\"wpb_content_element featured-box categoria-prodotto\" >\n\t\t\t<div class=\"featured-box-thumb\"><a title=\"\" target=\"\" href=\"https:\/\/gleisfrei.com\/mezzi-speciali\/\"><img decoding=\"async\" src=\"https:\/\/gleisfrei.com\/wp-content\/uploads\/2023\/02\/GLEISFREI-GMD235-1-1-600x300.jpg\"><\/a>\n\t\t\t<\/div>\n\t\t\t<div class=\"featured-box-content\"><h4>Veh\u00edculos especiales <\/h4>\n\t\t\t\t\t<div class=\"featured-box-desc\"><p>Gleisfrei ofrece una gama de veh\u00edculos especiales para las empresas del sector de la construcci\u00f3n y el mantenimiento de ferrocarriles, como veh\u00edculos para el control de la vegetaci\u00f3n o la gesti\u00f3n de los cables de contacto.<\/p>\n\t\t\t\t\t<\/div>\n\t\t\t\t\t<div class=\"featured-box-button\">\n\t\t\t\t\t\t<a title=\"\" target=\"\" href=\"https:\/\/gleisfrei.com\/mezzi-speciali\/\" class=\"\">VER LOS PRODUCTOS<\/a>\n\t\t\t\t\t<\/div>\n\t\t\t<\/div>\n\t<\/div>[\/vc_column][\/vc_row][\/vc_section][vc_row row_type=\u00bbrow_full_center_content\u00bb bg_image=\u00bb922&#8243; row_parallax=\u00bbfalse\u00bb row_text_color=\u00bbrow_text_light\u00bb][vc_column width=\u00bb2\/3&#8243;][vc_column_text]<\/p>\n<h5 class=\"medium-heading-inverted\">CALIDAD Y FIABILIDAD<em><br \/>\n<\/em><\/h5>\n<h1 class=\"large-heading-inverted\"><strong>MANTENIMIENTO Y CONSTRUCCI\u00d3N<br \/>\nDESDE HACE 2003<\/strong><\/h1>\n<p>[\/vc_column_text][vc_button title=\u00bbContacto\u00bb color=\u00bbghost\u00bb margin_top=\u00bb-20&#8243; link=\u00bburl:https%3A%2F%2Fgleisfrei.com%2Fcontatti%2F||target:%20_blank\u00bb][\/vc_column][vc_column width=\u00bb1\/3&#8243;][\/vc_column][\/vc_row][vc_row row_type=\u00bbrow_full_center_content\u00bb padding_bottom=\u00bb50&#8243; class=\u00bbmobile-no-margin-top inverted-row hidden\u00bb][vc_column width=\u00bb1\/3&#8243;]\n\t<div class=\"wpb_content_element featured-box \" >\n\t\t\t<div class=\"featured-box-thumb\"><a title=\"\" target=\"\" href=\"https:\/\/gleisfrei.com\/riparazioni\/\"><img decoding=\"async\" src=\"https:\/\/gleisfrei.com\/wp-content\/uploads\/2015\/10\/slide6-600x300.jpg\"><\/a>\n\t\t\t<\/div>\n\t\t\t<div class=\"featured-box-content\"><h4>Manutenzioni<\/h4>\n\t\t\t\t\t<div class=\"featured-box-desc\"><p>Gleisfrei \u00e8 un\u2019officina qualificata da Rete Ferroviaria Italiana in grado di offrire servizi di manutenzioni ordinarie come collaudi e revisioni periodiche nonch\u00e9 manutenzioni straordinarie e riparazioni anche in modalit\u00e0 di assistenza esterna.<\/p>\n\t\t\t\t\t<\/div>\n\t\t\t\t\t<div class=\"featured-box-button\">\n\t\t\t\t\t\t<a title=\"\" target=\"\" href=\"https:\/\/gleisfrei.com\/riparazioni\/\" class=\"\">scopri<\/a>\n\t\t\t\t\t<\/div>\n\t\t\t<\/div>\n\t<\/div>[\/vc_column][vc_column width=\u00bb1\/3&#8243;]\n\t<div class=\"wpb_content_element featured-box \" >\n\t\t\t<div class=\"featured-box-thumb\"><a title=\"\" target=\"\" href=\"https:\/\/gleisfrei.com\/ricambi\/\"><img decoding=\"async\" src=\"https:\/\/gleisfrei.com\/wp-content\/uploads\/2015\/02\/Foto-home-ricambi-600x300.jpg\"><\/a>\n\t\t\t<\/div>\n\t\t\t<div class=\"featured-box-content\"><h4>Ricambi<\/h4>\n\t\t\t\t\t<div class=\"featured-box-desc\"><p>Anche nel settore ricambi Gleisfrei \u00e8 un punto di riferimento vantando un rapporto consolidato con tutti i maggiori costruttori certificati di componentistica ferroviaria.<\/p>\n\t\t\t\t\t<\/div>\n\t\t\t\t\t<div class=\"featured-box-button\">\n\t\t\t\t\t\t<a title=\"\" target=\"\" href=\"https:\/\/gleisfrei.com\/ricambi\/\" class=\"\">Scopri<\/a>\n\t\t\t\t\t<\/div>\n\t\t\t<\/div>\n\t<\/div>[\/vc_column][vc_column width=\u00bb1\/3&#8243;]\n\t<div class=\"wpb_content_element featured-box \" >\n\t\t\t<div class=\"featured-box-thumb\"><a title=\"\" target=\"\" href=\"https:\/\/gleisfrei.com\/galleria\/\"><img decoding=\"async\" src=\"https:\/\/gleisfrei.com\/wp-content\/uploads\/2018\/02\/WP_20180215_15_20_35_Pro-1-600x300.jpg\"><\/a>\n\t\t\t<\/div>\n\t\t\t<div class=\"featured-box-content\"><h4>Galleria<\/h4>\n\t\t\t\t\t<div class=\"featured-box-button\">\n\t\t\t\t\t\t<a title=\"\" target=\"\" href=\"https:\/\/gleisfrei.com\/galleria\/\" class=\"\">SCOPRI<\/a>\n\t\t\t\t\t<\/div>\n\t\t\t<\/div>\n\t<\/div>[\/vc_column][\/vc_row][vc_row row_type=\u00bbrow_full_center_content\u00bb padding_bottom=\u00bb50&#8243; class=\u00bbmobile-no-margin-top inverted-row hidden\u00bb][vc_column width=\u00bb1\/3&#8243;]\n\t<div class=\"wpb_content_element featured-box \" >\n\t\t\t<div class=\"featured-box-thumb\"><a title=\"\" target=\"\" href=\"https:\/\/gleisfrei.com\/azienda\/\"><img decoding=\"async\" src=\"https:\/\/gleisfrei.com\/wp-content\/uploads\/2015\/02\/Foto-home-azienda-600x300.jpg\"><\/a>\n\t\t\t<\/div>\n\t\t\t<div class=\"featured-box-content\"><h4>Azienda<\/h4>\n\t\t\t\t\t<div class=\"featured-box-desc\"><p>Gleisfrei \u00e8 una azienda di costruzione, manutenzione e riparazione di mezzi d\u2019opera ferroviari come carri ferroviari, locomotori da manovra, autocarrelli, autoscale e frese per gallerie finalizzati alla costruzione e manutenzione della linea ferroviaria e della linea aerea.<\/p>\n\t\t\t\t\t<\/div>\n\t\t\t\t\t<div class=\"featured-box-button\">\n\t\t\t\t\t\t<a title=\"\" target=\"\" href=\"https:\/\/gleisfrei.com\/azienda\/\" class=\"\">Scopri<\/a>\n\t\t\t\t\t<\/div>\n\t\t\t<\/div>\n\t<\/div>[\/vc_column][vc_column width=\u00bb1\/3&#8243;]\n\t<div class=\"wpb_content_element featured-box \" >\n\t\t\t<div class=\"featured-box-thumb\"><a title=\"\" target=\"\" href=\"https:\/\/gleisfrei.com\/locomotori\/\"><img decoding=\"async\" src=\"https:\/\/gleisfrei.com\/wp-content\/uploads\/2017\/12\/20170320_155427-600x300.jpg\"><\/a>\n\t\t\t<\/div>\n\t\t\t<div class=\"featured-box-content\"><h4>Prodotti<\/h4>\n\t\t\t\t\t<div class=\"featured-box-desc\"><p>Grazie alla decennale esperienza nel settore ferroviario e all\u2019ufficio di progettazione ed omologazione interno, i carri ferroviari, i locomotori nonch\u00e9 i diversi mezzi d\u2019opera costruiti da Gleisfrei sono sinonimo di qualit\u00e0 ed affidabilit\u00e0 nel tempo.<\/p>\n\t\t\t\t\t<\/div>\n\t\t\t\t\t<div class=\"featured-box-button\">\n\t\t\t\t\t\t<a title=\"\" target=\"\" href=\"https:\/\/gleisfrei.com\/locomotori\/\" class=\"\">Scopri<\/a>\n\t\t\t\t\t<\/div>\n\t\t\t<\/div>\n\t<\/div>[\/vc_column][vc_column css_animation=\u00bblightSpeedIn\u00bb width=\u00bb1\/3&#8243;]\n\t<div class=\"wpb_content_element featured-box \"  style=\"background:#dd9f42\">\n\t\t\t<div class=\"featured-box-thumb\"><a title=\"\" target=\"\" href=\"https:\/\/gleisfrei.com\/news\/\"><img decoding=\"async\" src=\"https:\/\/gleisfrei.com\/wp-content\/uploads\/2016\/01\/logo.gif\"><\/a>\n\t\t\t<\/div>\n\t\t\t<div class=\"featured-box-content\"><h4><br \/>\nCompany News - Omologazione caricatore ATLAS<\/h4>\n\t\t\t\t\t<div class=\"featured-box-desc\"><p><br \/>\nOmologato il caricatore strada rotaia ATLAS 1604 ZW secondo le norme EN15746-1\/-2.<\/p>\n\t\t\t\t\t<\/div>\n\t\t\t\t\t<div class=\"featured-box-button\">\n\t\t\t\t\t\t<a title=\"\" target=\"\" href=\"https:\/\/gleisfrei.com\/news\/\" class=\"\">Scopri<\/a>\n\t\t\t\t\t<\/div>\n\t\t\t<\/div>\n\t<\/div>[\/vc_column][\/vc_row]<\/p>","protected":false},"excerpt":{"rendered":"<p>[vc_section][vc_row row_type=\u00bbrow_full_center_content\u00bb padding_bottom=\u00bb50&#8243; class=\u00bbmobile-no-margin-top inverted-row\u00bb][vc_column width=\u00bb1\/3&#8243;][\/vc_column][vc_column width=\u00bb1\/3&#8243;][\/vc_column][vc_column width=\u00bb1\/3&#8243;][\/vc_column][\/vc_row][vc_row row_type=\u00bbrow_full_center_content\u00bb padding_bottom=\u00bb50&#8243; class=\u00bbmobile-no-margin-top inverted-row\u00bb][vc_column width=\u00bb1\/3&#8243;][\/vc_column][vc_column width=\u00bb1\/3&#8243;][\/vc_column][vc_column width=\u00bb1\/3&#8243;][\/vc_column][\/vc_row][\/vc_section][vc_row row_type=\u00bbrow_full_center_content\u00bb bg_image=\u00bb922&#8243; row_parallax=\u00bbfalse\u00bb row_text_color=\u00bbrow_text_light\u00bb][vc_column width=\u00bb2\/3&#8243;][vc_column_text] CALIDAD &#8230;<\/p>\n","protected":false},"author":3,"featured_media":0,"parent":0,"menu_order":0,"comment_status":"closed","ping_status":"closed","template":"","meta":{"footnotes":""},"class_list":["post-13","page","type-page","status-publish","hentry"],"_links":{"self":[{"href":"https:\/\/gleisfrei.com\/es\/wp-json\/wp\/v2\/pages\/13","targetHints":{"allow":["GET"]}}],"collection":[{"href":"https:\/\/gleisfrei.com\/es\/wp-json\/wp\/v2\/pages"}],"about":[{"href":"https:\/\/gleisfrei.com\/es\/wp-json\/wp\/v2\/types\/page"}],"author":[{"embeddable":true,"href":"https:\/\/gleisfrei.com\/es\/wp-json\/wp\/v2\/users\/3"}],"replies":[{"embeddable":true,"href":"https:\/\/gleisfrei.com\/es\/wp-json\/wp\/v2\/comments?post=13"}],"version-history":[{"count":100,"href":"https:\/\/gleisfrei.com\/es\/wp-json\/wp\/v2\/pages\/13\/revisions"}],"predecessor-version":[{"id":1893,"href":"https:\/\/gleisfrei.com\/es\/wp-json\/wp\/v2\/pages\/13\/revisions\/1893"}],"wp:attachment":[{"href":"https:\/\/gleisfrei.com\/es\/wp-json\/wp\/v2\/media?parent=13"}],"curies":[{"name":"wp","href":"https:\/\/api.w.org\/{rel}","templated":true}]}}