{"id":1052,"date":"2016-06-16T10:08:16","date_gmt":"2016-06-16T08:08:16","guid":{"rendered":"http:\/\/gleisfrei.com\/?page_id=1052"},"modified":"2022-02-01T09:19:26","modified_gmt":"2022-02-01T08:19:26","slug":"ricambi","status":"publish","type":"page","link":"https:\/\/gleisfrei.com\/es\/ricambi\/","title":{"rendered":"Recambios"},"content":{"rendered":"<p>[vc_row padding_top=\u00bb10&#8243; padding_bottom=\u00bb10&#8243;][vc_column]\n\t<div class=\"custom-heading wpb_content_element \">\n\t\t<h2 class=\"heading-title\" >GLEISFREI: EXPERIENCIA Y FIABILIDAD<\/h2>\n\t\t<span class=\"heading-line primary\"><\/span>\n\t<\/div>[vc_column_text]Tambi\u00e9n en el sector de los recambios ferroviarios Gleisfrei es un punto de referencia que cuenta con una relaci\u00f3n consolidada con todos los principales fabricantes certificados de componentes ferroviarios: desde juegos de ruedas completos, cajas de grasa y rodamientos, hasta componentes de frenos neum\u00e1ticos como dep\u00f3sitos de aire, distribuidores y v\u00e1lvulas de freno autom\u00e1ticas y directas, cilindros de freno, v\u00e1lvulas y mangueras; desde suspensiones como ballestas parab\u00f3licas y trapezoidales, hasta los diversos componentes de tracci\u00f3n y repulsi\u00f3n como ganchos de tracci\u00f3n, tensores y topes.[\/vc_column_text][vc_media_grid element_width=\u00bb3&#8243; gap=\u00bb10&#8243; grid_id=\u00bbvc_gid:1622211760264-8129fb2e-4031-8&#8243; include=\u00bb1157,1158,1159,1160,1161,1162,1163,1165,1166,1167&#8243;][\/vc_column][\/vc_row]<\/p>","protected":false},"excerpt":{"rendered":"<p>[vc_row padding_top=\u00bb10&#8243; padding_bottom=\u00bb10&#8243;][vc_column][vc_column_text]Tambi\u00e9n en el sector de los recambios ferroviarios Gleisfrei es un punto de referencia que cuenta con una relaci\u00f3n &#8230;<\/p>\n","protected":false},"author":3,"featured_media":0,"parent":0,"menu_order":0,"comment_status":"closed","ping_status":"closed","template":"","meta":{"footnotes":""},"class_list":["post-1052","page","type-page","status-publish","hentry"],"_links":{"self":[{"href":"https:\/\/gleisfrei.com\/es\/wp-json\/wp\/v2\/pages\/1052","targetHints":{"allow":["GET"]}}],"collection":[{"href":"https:\/\/gleisfrei.com\/es\/wp-json\/wp\/v2\/pages"}],"about":[{"href":"https:\/\/gleisfrei.com\/es\/wp-json\/wp\/v2\/types\/page"}],"author":[{"embeddable":true,"href":"https:\/\/gleisfrei.com\/es\/wp-json\/wp\/v2\/users\/3"}],"replies":[{"embeddable":true,"href":"https:\/\/gleisfrei.com\/es\/wp-json\/wp\/v2\/comments?post=1052"}],"version-history":[{"count":10,"href":"https:\/\/gleisfrei.com\/es\/wp-json\/wp\/v2\/pages\/1052\/revisions"}],"predecessor-version":[{"id":1861,"href":"https:\/\/gleisfrei.com\/es\/wp-json\/wp\/v2\/pages\/1052\/revisions\/1861"}],"wp:attachment":[{"href":"https:\/\/gleisfrei.com\/es\/wp-json\/wp\/v2\/media?parent=1052"}],"curies":[{"name":"wp","href":"https:\/\/api.w.org\/{rel}","templated":true}]}}