{"id":1034,"date":"2016-01-14T11:49:14","date_gmt":"2016-01-14T10:49:14","guid":{"rendered":"http:\/\/gleisfrei.com\/?page_id=1034"},"modified":"2021-05-28T16:22:14","modified_gmt":"2021-05-28T14:22:14","slug":"concessionario","status":"publish","type":"page","link":"https:\/\/gleisfrei.com\/es\/concessionario\/","title":{"rendered":"Distribuidor"},"content":{"rendered":"<p><\/p>\n<p>[vc_row][vc_column width=\u00bb1\/2&#8243;]\n\t<div class=\"custom-heading wpb_content_element \">\n\t\t<h2 class=\"heading-title\"  style=\"color: #000000;\">Distribuidor Dipsa Technes srl<\/h2>\n\t<\/div>[vc_single_image image=\u00bb1653&#8243; img_size=\u00bb250&#215;100&#8243;][vc_empty_space][vc_column_text]Gleisfrei representa a Dipsa Technes srl, un fabricante con d\u00e9cadas de experiencia en equipos especializados utilizados en la construcci\u00f3n y el mantenimiento de l\u00edneas ferroviarias, una gama de productos y dispositivos que van desde las barrenadoras de traviesas hasta las clavadoras, pasando por las llaves de impacto y las pandroladoras. [\/vc_column_text][\/vc_column][vc_column width=\u00bb1\/2&#8243;]\n\t<div class=\"custom-heading wpb_content_element \">\n\t\t<h2 class=\"heading-title\"  style=\"color: #000000;\">Gallery Dispa Technes srl<\/h2>\n\t<\/div>[vc_media_grid element_width=\u00bb3&#8243; grid_id=\u00bbvc_gid:1622211597812-ba2701c5-86f4-0&#8243; include=\u00bb1655,1654,1651,1650&#8243;][vc_empty_space][vc_btn title=\u00bbDescargar catalogo\u00bb style=\u00bboutline-custom\u00bb outline_custom_color=\u00bb#666666&#8243; outline_custom_hover_background=\u00bb#666666&#8243; outline_custom_hover_text=\u00bb#ffffff\u00bb align=\u00bbright\u00bb link=\u00bburl:https%3A%2F%2Fgleisfrei.com%2Fwp-content%2Fuploads%2F2020%2F01%2FDIPSA_CATALOGO_2017_ENG.pdf|||\u00bb][\/vc_column][\/vc_row]<\/p>\n<p><\/p>","protected":false},"excerpt":{"rendered":"<p>[vc_row][vc_column width=\u00bb1\/2&#8243;][vc_single_image image=\u00bb1653&#8243; img_size=\u00bb250&#215;100&#8243;][vc_empty_space][vc_column_text]Gleisfrei representa a Dipsa Technes srl, un fabricante con d\u00e9cadas de experiencia en equipos especializados utilizados en la &#8230;<\/p>\n","protected":false},"author":3,"featured_media":1035,"parent":0,"menu_order":0,"comment_status":"closed","ping_status":"closed","template":"","meta":{"footnotes":""},"class_list":["post-1034","page","type-page","status-publish","has-post-thumbnail","hentry"],"_links":{"self":[{"href":"https:\/\/gleisfrei.com\/es\/wp-json\/wp\/v2\/pages\/1034","targetHints":{"allow":["GET"]}}],"collection":[{"href":"https:\/\/gleisfrei.com\/es\/wp-json\/wp\/v2\/pages"}],"about":[{"href":"https:\/\/gleisfrei.com\/es\/wp-json\/wp\/v2\/types\/page"}],"author":[{"embeddable":true,"href":"https:\/\/gleisfrei.com\/es\/wp-json\/wp\/v2\/users\/3"}],"replies":[{"embeddable":true,"href":"https:\/\/gleisfrei.com\/es\/wp-json\/wp\/v2\/comments?post=1034"}],"version-history":[{"count":32,"href":"https:\/\/gleisfrei.com\/es\/wp-json\/wp\/v2\/pages\/1034\/revisions"}],"predecessor-version":[{"id":1794,"href":"https:\/\/gleisfrei.com\/es\/wp-json\/wp\/v2\/pages\/1034\/revisions\/1794"}],"wp:featuredmedia":[{"embeddable":true,"href":"https:\/\/gleisfrei.com\/es\/wp-json\/wp\/v2\/media\/1035"}],"wp:attachment":[{"href":"https:\/\/gleisfrei.com\/es\/wp-json\/wp\/v2\/media?parent=1034"}],"curies":[{"name":"wp","href":"https:\/\/api.w.org\/{rel}","templated":true}]}}