{"id":1019,"date":"2016-01-14T11:36:34","date_gmt":"2016-01-14T10:36:34","guid":{"rendered":"http:\/\/gleisfrei.com\/?page_id=1019"},"modified":"2021-05-28T15:45:14","modified_gmt":"2021-05-28T13:45:14","slug":"assistenza-esterna","status":"publish","type":"page","link":"https:\/\/gleisfrei.com\/es\/assistenza-esterna\/","title":{"rendered":"Asistencia"},"content":{"rendered":"<p>[vc_row padding_top=\u00bb10&#8243; padding_bottom=\u00bb10&#8243;][vc_column]\n\t<div class=\"custom-heading wpb_content_element \">\n\t\t<h2 class=\"heading-title\" >GleisFrei: T\u00e9cnicos calificados en el sitio<\/h2>\n\t\t<span class=\"heading-line primary\"><\/span>\n\t<\/div>[vc_column_text]<\/p>\n<p style=\"text-align: justify;\">Gracias a t\u00e9cnicos cualificados y a sus propias furgonetas equipadas con taller m\u00f3vil, Gleisfrei es capaz de asistir a sus clientes de manera oportuna tambi\u00e9n en caso de reparaciones en las obras en las que se utiliza el veh\u00edculo.<\/p>\n<p>Gleisfrei est\u00e1 presente y operativa en todo el territorio nacional contando hasta ahora con m\u00e1s de 200 intervenciones realizadas anualmente en las instalaciones de sus clientes. Utilice nuestro formulario de contacto para solicitar una intervenci\u00f3n externa de nuestro personal especializado, nos pondremos en contacto con usted cuanto antes para un primer an\u00e1lisis de la aver\u00eda y la individuaci\u00f3n del t\u00e9cnico m\u00e1s adecuado para enviar.[\/vc_column_text][\/vc_column][\/vc_row]<\/p>","protected":false},"excerpt":{"rendered":"<p>[vc_row padding_top=\u00bb10&#8243; padding_bottom=\u00bb10&#8243;][vc_column][vc_column_text] Gracias a t\u00e9cnicos cualificados y a sus propias furgonetas equipadas con taller m\u00f3vil, Gleisfrei es capaz de asistir &#8230;<\/p>\n","protected":false},"author":3,"featured_media":0,"parent":0,"menu_order":0,"comment_status":"closed","ping_status":"closed","template":"","meta":{"footnotes":""},"class_list":["post-1019","page","type-page","status-publish","hentry"],"_links":{"self":[{"href":"https:\/\/gleisfrei.com\/es\/wp-json\/wp\/v2\/pages\/1019","targetHints":{"allow":["GET"]}}],"collection":[{"href":"https:\/\/gleisfrei.com\/es\/wp-json\/wp\/v2\/pages"}],"about":[{"href":"https:\/\/gleisfrei.com\/es\/wp-json\/wp\/v2\/types\/page"}],"author":[{"embeddable":true,"href":"https:\/\/gleisfrei.com\/es\/wp-json\/wp\/v2\/users\/3"}],"replies":[{"embeddable":true,"href":"https:\/\/gleisfrei.com\/es\/wp-json\/wp\/v2\/comments?post=1019"}],"version-history":[{"count":14,"href":"https:\/\/gleisfrei.com\/es\/wp-json\/wp\/v2\/pages\/1019\/revisions"}],"predecessor-version":[{"id":1785,"href":"https:\/\/gleisfrei.com\/es\/wp-json\/wp\/v2\/pages\/1019\/revisions\/1785"}],"wp:attachment":[{"href":"https:\/\/gleisfrei.com\/es\/wp-json\/wp\/v2\/media?parent=1019"}],"curies":[{"name":"wp","href":"https:\/\/api.w.org\/{rel}","templated":true}]}}