{"id":1017,"date":"2016-01-14T11:36:04","date_gmt":"2016-01-14T10:36:04","guid":{"rendered":"http:\/\/gleisfrei.com\/?page_id=1017"},"modified":"2021-05-28T15:41:36","modified_gmt":"2021-05-28T13:41:36","slug":"collaudi","status":"publish","type":"page","link":"https:\/\/gleisfrei.com\/es\/collaudi\/","title":{"rendered":"Pruebas"},"content":{"rendered":"<p>[vc_row padding_top=&#8221;10&#8243; padding_bottom=&#8221;10&#8243;][vc_column]\n\t<div class=\"custom-heading wpb_content_element \">\n\t\t<h2 class=\"heading-title\" >GLEISFREI: MANTENIMIENTO PROGRAMADO Y PRUEBAS PERI\u00d3DICAS<\/h2>\n\t\t<span class=\"heading-line primary\"><\/span>\n\t<\/div>[vc_column_text]Como taller autorizado por RFI, Gleisfrei es un socio v\u00e1lido capaz de asistir a las empresas constructoras de ferrocarriles en el mantenimiento programado de los veh\u00edculos en todas sus fases: desde la panificaci\u00f3n, pasando por la evaluaci\u00f3n de las intervenciones a realizar, hasta la elaboraci\u00f3n y presentaci\u00f3n de las certificaciones necesarias que acrediten la reintroducci\u00f3n del veh\u00edculo en servicio, hasta la asistencia en la interfaz con el personal de verificaci\u00f3n de RFI, todo ello respetando el cumplimiento de los m\u00e1s recientes Procedimientos Directivos de Rete Ferroviaria Italiana. [\/vc_column_text][vc_empty_space height=&#8221;100px&#8221;][\/vc_column][\/vc_row]<\/p>","protected":false},"excerpt":{"rendered":"<p>[vc_row padding_top=&#8221;10&#8243; padding_bottom=&#8221;10&#8243;][vc_column][vc_column_text]Como taller autorizado por RFI, Gleisfrei es un socio v\u00e1lido capaz de asistir a las empresas constructoras de ferrocarriles &#8230;<\/p>\n","protected":false},"author":3,"featured_media":0,"parent":0,"menu_order":0,"comment_status":"closed","ping_status":"closed","template":"","meta":{"footnotes":""},"class_list":["post-1017","page","type-page","status-publish","hentry"],"_links":{"self":[{"href":"https:\/\/gleisfrei.com\/es\/wp-json\/wp\/v2\/pages\/1017","targetHints":{"allow":["GET"]}}],"collection":[{"href":"https:\/\/gleisfrei.com\/es\/wp-json\/wp\/v2\/pages"}],"about":[{"href":"https:\/\/gleisfrei.com\/es\/wp-json\/wp\/v2\/types\/page"}],"author":[{"embeddable":true,"href":"https:\/\/gleisfrei.com\/es\/wp-json\/wp\/v2\/users\/3"}],"replies":[{"embeddable":true,"href":"https:\/\/gleisfrei.com\/es\/wp-json\/wp\/v2\/comments?post=1017"}],"version-history":[{"count":8,"href":"https:\/\/gleisfrei.com\/es\/wp-json\/wp\/v2\/pages\/1017\/revisions"}],"predecessor-version":[{"id":1784,"href":"https:\/\/gleisfrei.com\/es\/wp-json\/wp\/v2\/pages\/1017\/revisions\/1784"}],"wp:attachment":[{"href":"https:\/\/gleisfrei.com\/es\/wp-json\/wp\/v2\/media?parent=1017"}],"curies":[{"name":"wp","href":"https:\/\/api.w.org\/{rel}","templated":true}]}}