{"id":1015,"date":"2016-01-14T11:35:31","date_gmt":"2016-01-14T10:35:31","guid":{"rendered":"http:\/\/gleisfrei.com\/?page_id=1015"},"modified":"2021-05-28T15:38:55","modified_gmt":"2021-05-28T13:38:55","slug":"riparazioni","status":"publish","type":"page","link":"https:\/\/gleisfrei.com\/es\/riparazioni\/","title":{"rendered":"Reparaciones"},"content":{"rendered":"<p>[vc_row padding_top=\u00bb10&#8243; padding_bottom=\u00bb10&#8243;][vc_column]\n\t<div class=\"custom-heading wpb_content_element \">\n\t\t<h2 class=\"heading-title\" >GLEISFREI: EXPERIENCIA Y FIABILIDAD<\/h2>\n\t\t<span class=\"heading-line primary\"><\/span>\n\t<\/div>[vc_column_text]<\/p>\n<p style=\"text-align: justify;\">Gleisfrei es un taller calificado por RFI en las categor\u00edas OMM-A, OMM-B as\u00ed como OMM-C para la reparaci\u00f3n y el mantenimiento de veh\u00edculos ferroviarios tambi\u00e9n no de \u00faltima construcci\u00f3n, con hasta 100 revisiones quinquenales realizadas anualmente hasta la fecha.<\/p>\n<p style=\"text-align: justify;\">Gracias a su personal altamente cualificado y a su amplia experiencia de m\u00e1s de diez a\u00f1os, Gleisfrei puede asistir en la reparaci\u00f3n de vagones y locomotores, as\u00ed como de otros tipos de veh\u00edculos de todos los principales fabricantes ferroviarios, como General Electric, MaK, Krauss Maffei, Deutz, Badoni, Greco, Jenbach, Donelli, Fipem, Keller, Robel-Schoma, Orenstein&amp;Koppel y muchos otros.<\/p>\n<p>[\/vc_column_text][\/vc_column][\/vc_row]<\/p>","protected":false},"excerpt":{"rendered":"<p>[vc_row padding_top=\u00bb10&#8243; padding_bottom=\u00bb10&#8243;][vc_column][vc_column_text] Gleisfrei es un taller calificado por RFI en las categor\u00edas OMM-A, OMM-B as\u00ed como OMM-C para la reparaci\u00f3n &#8230;<\/p>\n","protected":false},"author":3,"featured_media":0,"parent":0,"menu_order":0,"comment_status":"closed","ping_status":"closed","template":"","meta":{"footnotes":""},"class_list":["post-1015","page","type-page","status-publish","hentry"],"_links":{"self":[{"href":"https:\/\/gleisfrei.com\/es\/wp-json\/wp\/v2\/pages\/1015","targetHints":{"allow":["GET"]}}],"collection":[{"href":"https:\/\/gleisfrei.com\/es\/wp-json\/wp\/v2\/pages"}],"about":[{"href":"https:\/\/gleisfrei.com\/es\/wp-json\/wp\/v2\/types\/page"}],"author":[{"embeddable":true,"href":"https:\/\/gleisfrei.com\/es\/wp-json\/wp\/v2\/users\/3"}],"replies":[{"embeddable":true,"href":"https:\/\/gleisfrei.com\/es\/wp-json\/wp\/v2\/comments?post=1015"}],"version-history":[{"count":12,"href":"https:\/\/gleisfrei.com\/es\/wp-json\/wp\/v2\/pages\/1015\/revisions"}],"predecessor-version":[{"id":1783,"href":"https:\/\/gleisfrei.com\/es\/wp-json\/wp\/v2\/pages\/1015\/revisions\/1783"}],"wp:attachment":[{"href":"https:\/\/gleisfrei.com\/es\/wp-json\/wp\/v2\/media?parent=1015"}],"curies":[{"name":"wp","href":"https:\/\/api.w.org\/{rel}","templated":true}]}}