{"id":1006,"date":"2016-01-14T11:31:35","date_gmt":"2016-01-14T10:31:35","guid":{"rendered":"http:\/\/gleisfrei.com\/?page_id=1006"},"modified":"2023-02-16T14:14:52","modified_gmt":"2023-02-16T13:14:52","slug":"treni-diserbo","status":"publish","type":"page","link":"https:\/\/gleisfrei.com\/es\/treni-diserbo\/","title":{"rendered":"Trenes Herbicidas"},"content":{"rendered":"<p>[vc_row][vc_column][vc_column_text]<\/p>\n<h2><strong>TRENES HERBICIDAS<\/strong><\/h2>\n<p>Los trenes herbicidas GMD235 est\u00e1n espec\u00edficamente dise\u00f1ados para la eliminaci\u00f3n qu\u00edmica de la vegetaci\u00f3n, arbustos y hojas en la v\u00eda que recorren. Est\u00e1n equipados con un sistema de detecci\u00f3n infrarroja de la vegetaci\u00f3n y la preparaci\u00f3n del producto qu\u00edmico se realiza durante el trabajo. \u00a1Consulte la ficha t\u00e9cnica para m\u00e1s informaci\u00f3n![\/vc_column_text][vc_media_grid element_width=\u00bb6&#8243; gap=\u00bb10&#8243; grid_id=\u00bbvc_gid:1676553282560-91812942-95a1-9&#8243; include=\u00bb1870,1869,1868&#8243;][\/vc_column][\/vc_row]<\/p>","protected":false},"excerpt":{"rendered":"<p>[vc_row][vc_column][vc_column_text] TRENES HERBICIDAS Los trenes herbicidas GMD235 est\u00e1n espec\u00edficamente dise\u00f1ados para la eliminaci\u00f3n qu\u00edmica de la vegetaci\u00f3n, arbustos y hojas en &#8230;<\/p>\n","protected":false},"author":3,"featured_media":1870,"parent":0,"menu_order":0,"comment_status":"closed","ping_status":"closed","template":"","meta":{"footnotes":""},"class_list":["post-1006","page","type-page","status-publish","has-post-thumbnail","hentry"],"_links":{"self":[{"href":"https:\/\/gleisfrei.com\/es\/wp-json\/wp\/v2\/pages\/1006","targetHints":{"allow":["GET"]}}],"collection":[{"href":"https:\/\/gleisfrei.com\/es\/wp-json\/wp\/v2\/pages"}],"about":[{"href":"https:\/\/gleisfrei.com\/es\/wp-json\/wp\/v2\/types\/page"}],"author":[{"embeddable":true,"href":"https:\/\/gleisfrei.com\/es\/wp-json\/wp\/v2\/users\/3"}],"replies":[{"embeddable":true,"href":"https:\/\/gleisfrei.com\/es\/wp-json\/wp\/v2\/comments?post=1006"}],"version-history":[{"count":12,"href":"https:\/\/gleisfrei.com\/es\/wp-json\/wp\/v2\/pages\/1006\/revisions"}],"predecessor-version":[{"id":1888,"href":"https:\/\/gleisfrei.com\/es\/wp-json\/wp\/v2\/pages\/1006\/revisions\/1888"}],"wp:featuredmedia":[{"embeddable":true,"href":"https:\/\/gleisfrei.com\/es\/wp-json\/wp\/v2\/media\/1870"}],"wp:attachment":[{"href":"https:\/\/gleisfrei.com\/es\/wp-json\/wp\/v2\/media?parent=1006"}],"curies":[{"name":"wp","href":"https:\/\/api.w.org\/{rel}","templated":true}]}}