{"id":1003,"date":"2016-01-14T11:30:54","date_gmt":"2016-01-14T10:30:54","guid":{"rendered":"http:\/\/gleisfrei.com\/?page_id=1003"},"modified":"2023-11-21T16:27:59","modified_gmt":"2023-11-21T15:27:59","slug":"mezzi-speciali","status":"publish","type":"page","link":"https:\/\/gleisfrei.com\/es\/mezzi-speciali\/","title":{"rendered":"Veh\u00edculos especiales"},"content":{"rendered":"<p>[vc_row][vc_column][vc_column_text]<\/p>\n<h2><strong>VEH\u00cdCULOS ESPECIALES<\/strong><\/h2>\n<p>DESBROZADORA DGF235<\/p>\n<p>La desbrozadora DGF235 de Gleisfrei es un motorbogie utilizado para el control de la vegetaci\u00f3n a lo largo de las l\u00edneas ferroviarias. El veh\u00edculo est\u00e1 equipad con un brazo desbrozador con una cortadora de 120 cm y un alcance de 7850 mm. La potencia absorbida por el sistema hidr\u00e1ulico es de aproximadamente 50 kW, como lo exige el sistema de calificaci\u00f3n SQ007 de RFI.[\/vc_column_text][vc_media_grid element_width=\u00bb12&#8243; item=\u00bbmasonryMedia_Default\u00bb grid_id=\u00bbvc_gid:1700580416633-1fb8b451-3281-1&#8243; include=\u00bb1716,1715&#8243;][vc_video link=\u00bbhttps:\/\/www.youtube.com\/watch?v=TYlTzFi-7wc&amp;t=1s\u00bb title=\u00bbDGF 235&#8243;][\/vc_column][\/vc_row][vc_row][vc_column][vc_column_text]VAG\u00d3N CON SISTEMA DE TENSADO<\/p>\n<p>Dise\u00f1ado para las empresas que se dedican a la tracci\u00f3n el\u00e9ctrica, el veh\u00edculo es una composici\u00f3n del dos vagones modelo Gleisfrei H1100 en los que se ha instalado el sistema de tensado Tesmec CFQ503.[\/vc_column_text][vc_media_grid element_width=\u00bb12&#8243; grid_id=\u00bbvc_gid:1700580416635-08eb64af-f349-0&#8243; include=\u00bb1718&#8243;][\/vc_column][\/vc_row][vc_row][vc_column][vc_column_text]Vag\u00f3n remolcado de inspecci\u00f3n de puentes H950\/25 BB[\/vc_column_text][vc_media_grid element_width=\u00bb12&#8243; grid_id=\u00bbvc_gid:1700580419048-cc2aec5a-92db-7&#8243; include=\u00bb1916,1917,1918&#8243;][\/vc_column][\/vc_row][vc_row][vc_column][vc_column_text]VAG\u00d3N MOTORIZADO DE INSPECCI\u00d3N DE PUENTES H950\/25 ABB[\/vc_column_text][vc_media_grid element_width=\u00bb12&#8243; grid_id=\u00bbvc_gid:1700580449413-5b10cda6-b21b-3&#8243; include=\u00bb1920,1921,1922&#8243;][\/vc_column][\/vc_row]<\/p>","protected":false},"excerpt":{"rendered":"<p>[vc_row][vc_column][vc_column_text] VEH\u00cdCULOS ESPECIALES DESBROZADORA DGF235 La desbrozadora DGF235 de Gleisfrei es un motorbogie utilizado para el control de la vegetaci\u00f3n a &#8230;<\/p>\n","protected":false},"author":3,"featured_media":0,"parent":0,"menu_order":0,"comment_status":"closed","ping_status":"closed","template":"","meta":{"footnotes":""},"class_list":["post-1003","page","type-page","status-publish","hentry"],"_links":{"self":[{"href":"https:\/\/gleisfrei.com\/es\/wp-json\/wp\/v2\/pages\/1003","targetHints":{"allow":["GET"]}}],"collection":[{"href":"https:\/\/gleisfrei.com\/es\/wp-json\/wp\/v2\/pages"}],"about":[{"href":"https:\/\/gleisfrei.com\/es\/wp-json\/wp\/v2\/types\/page"}],"author":[{"embeddable":true,"href":"https:\/\/gleisfrei.com\/es\/wp-json\/wp\/v2\/users\/3"}],"replies":[{"embeddable":true,"href":"https:\/\/gleisfrei.com\/es\/wp-json\/wp\/v2\/comments?post=1003"}],"version-history":[{"count":33,"href":"https:\/\/gleisfrei.com\/es\/wp-json\/wp\/v2\/pages\/1003\/revisions"}],"predecessor-version":[{"id":1919,"href":"https:\/\/gleisfrei.com\/es\/wp-json\/wp\/v2\/pages\/1003\/revisions\/1919"}],"wp:attachment":[{"href":"https:\/\/gleisfrei.com\/es\/wp-json\/wp\/v2\/media?parent=1003"}],"curies":[{"name":"wp","href":"https:\/\/api.w.org\/{rel}","templated":true}]}}