{"id":1001,"date":"2016-01-14T11:30:28","date_gmt":"2016-01-14T10:30:28","guid":{"rendered":"http:\/\/gleisfrei.com\/?page_id=1001"},"modified":"2023-11-21T10:58:35","modified_gmt":"2023-11-21T09:58:35","slug":"motocarrelli","status":"publish","type":"page","link":"https:\/\/gleisfrei.com\/es\/motocarrelli\/","title":{"rendered":"Motorbogies"},"content":{"rendered":"<p>[vc_row][vc_column][vc_column_text]<\/p>\n<h2><strong>MOTORBOGIES<\/strong><\/h2>\n<p>Los motorbogies GCF de Gleisfrei son veh\u00edculos ferroviarios de tracci\u00f3n dise\u00f1ados para todas las empresas que operan en el \u00e1mbito de la construcci\u00f3n y el mantenimiento de v\u00edas, catenarias y tracci\u00f3n el\u00e9ctrica. Los veh\u00edculos motorizados GCF son totalmente adaptables a las necesidades del usuario, con motorizaciones que van desde los 150 cc hasta los 500 cc, y con la posibilidad de instalar gr\u00faas para mover traviesas, ra\u00edles y otros materiales de trabajo, as\u00ed como estar equipados con plataformas a\u00e9reas de diferentes capacidades y alcances seg\u00fan las necesidades del usuario final. [\/vc_column_text][vc_column_text]MOTOR BOGIE CON GR\u00daA GCF180G[\/vc_column_text][vc_media_grid element_width=&#8221;12&#8243; gap=&#8221;10&#8243; item=&#8221;masonryMedia_Default&#8221; grid_id=&#8221;vc_gid:1700560627955-dd6965f7-9f07-9&#8243; include=&#8221;1878,1877,1876,1875&#8243;][vc_column_text css=&#8221;.vc_custom_1700560645566{padding-top: 40px !important;}&#8221;]MOTOR BOGIE CON GR\u00daA AGR350V3[\/vc_column_text][vc_media_grid element_width=&#8221;12&#8243; gap=&#8221;10&#8243; item=&#8221;masonryMedia_Default&#8221; grid_id=&#8221;vc_gid:1700560647037-4442c1db-a27f-0&#8243; include=&#8221;1904,1903,1905&#8243;][vc_column_text css=&#8221;.vc_custom_1700560669947{padding-top: 40px !important;}&#8221;]MOTOR BOGIE CON GR\u00daA GCF380 GR[\/vc_column_text][vc_media_grid element_width=&#8221;12&#8243; gap=&#8221;10&#8243; item=&#8221;masonryMedia_Default&#8221; grid_id=&#8221;vc_gid:1700560671081-13bfde7b-3262-8&#8243; include=&#8221;1906,1907,1908&#8243;][vc_column_text css=&#8221;.vc_custom_1700560693295{padding-top: 40px !important;}&#8221;]MOTOR BOGIE CON GR\u00daA GCF180[\/vc_column_text][vc_media_grid element_width=&#8221;12&#8243; gap=&#8221;10&#8243; item=&#8221;masonryMedia_Default&#8221; grid_id=&#8221;vc_gid:1700560694514-cb8f147c-c3e8-1&#8243; include=&#8221;1909,1910,1911&#8243;][\/vc_column][\/vc_row]<\/p>","protected":false},"excerpt":{"rendered":"<p>[vc_row][vc_column][vc_column_text] MOTORBOGIES Los motorbogies GCF de Gleisfrei son veh\u00edculos ferroviarios de tracci\u00f3n dise\u00f1ados para todas las empresas que operan en el &#8230;<\/p>\n","protected":false},"author":3,"featured_media":1878,"parent":0,"menu_order":0,"comment_status":"closed","ping_status":"closed","template":"","meta":{"footnotes":""},"class_list":["post-1001","page","type-page","status-publish","has-post-thumbnail","hentry"],"_links":{"self":[{"href":"https:\/\/gleisfrei.com\/es\/wp-json\/wp\/v2\/pages\/1001","targetHints":{"allow":["GET"]}}],"collection":[{"href":"https:\/\/gleisfrei.com\/es\/wp-json\/wp\/v2\/pages"}],"about":[{"href":"https:\/\/gleisfrei.com\/es\/wp-json\/wp\/v2\/types\/page"}],"author":[{"embeddable":true,"href":"https:\/\/gleisfrei.com\/es\/wp-json\/wp\/v2\/users\/3"}],"replies":[{"embeddable":true,"href":"https:\/\/gleisfrei.com\/es\/wp-json\/wp\/v2\/comments?post=1001"}],"version-history":[{"count":27,"href":"https:\/\/gleisfrei.com\/es\/wp-json\/wp\/v2\/pages\/1001\/revisions"}],"predecessor-version":[{"id":1915,"href":"https:\/\/gleisfrei.com\/es\/wp-json\/wp\/v2\/pages\/1001\/revisions\/1915"}],"wp:featuredmedia":[{"embeddable":true,"href":"https:\/\/gleisfrei.com\/es\/wp-json\/wp\/v2\/media\/1878"}],"wp:attachment":[{"href":"https:\/\/gleisfrei.com\/es\/wp-json\/wp\/v2\/media?parent=1001"}],"curies":[{"name":"wp","href":"https:\/\/api.w.org\/{rel}","templated":true}]}}